{"id":343305,"date":"2024-10-31T10:41:37","date_gmt":"2024-10-31T09:41:37","guid":{"rendered":"https:\/\/www.arclite-shop.de\/produkt\/850-9932079\/"},"modified":"2026-04-18T16:24:08","modified_gmt":"2026-04-18T14:24:08","slug":"850-9932079","status":"publish","type":"product","link":"https:\/\/www.arclite-shop.de\/es\/produkt\/850-9932079\/","title":{"rendered":"Ra\u00edl DIN fabricado en aluminio de 1984 mm, eluxizado para la instalaci\u00f3n Easyline 9932079"},"content":{"rendered":"<p>Stabile Montageschiene f\u00fcr Einbaumontage, aus Aluminium, eluxiert. L:1984mm. B:62mm, H:80mm<\/p>\n","protected":false},"excerpt":{"rendered":"<p>Stabile Montageschiene f\u00fcr Einbaumontage, aus Aluminium, eluxiert. L:1984mm. B:62mm, H:80mm<\/p>\n","protected":false},"featured_media":368220,"template":"","meta":[],"product_brand":[],"product_cat":[84591],"product_tag":[],"class_list":{"0":"post-343305","1":"product","2":"type-product","3":"status-publish","4":"has-post-thumbnail","6":"product_cat-mechanisches-zubehoer-ersatzteile-fuer-leuchten","8":"first","9":"instock","10":"taxable","11":"shipping-taxable","12":"product-type-simple"},"_links":{"self":[{"href":"https:\/\/www.arclite-shop.de\/es\/wp-json\/wp\/v2\/product\/343305","targetHints":{"allow":["GET"]}}],"collection":[{"href":"https:\/\/www.arclite-shop.de\/es\/wp-json\/wp\/v2\/product"}],"about":[{"href":"https:\/\/www.arclite-shop.de\/es\/wp-json\/wp\/v2\/types\/product"}],"wp:featuredmedia":[{"embeddable":true,"href":"https:\/\/www.arclite-shop.de\/es\/wp-json\/wp\/v2\/media\/368220"}],"wp:attachment":[{"href":"https:\/\/www.arclite-shop.de\/es\/wp-json\/wp\/v2\/media?parent=343305"}],"wp:term":[{"taxonomy":"product_brand","embeddable":true,"href":"https:\/\/www.arclite-shop.de\/es\/wp-json\/wp\/v2\/product_brand?post=343305"},{"taxonomy":"product_cat","embeddable":true,"href":"https:\/\/www.arclite-shop.de\/es\/wp-json\/wp\/v2\/product_cat?post=343305"},{"taxonomy":"product_tag","embeddable":true,"href":"https:\/\/www.arclite-shop.de\/es\/wp-json\/wp\/v2\/product_tag?post=343305"}],"curies":[{"name":"wp","href":"https:\/\/api.w.org\/{rel}","templated":true}]}}