{"id":343296,"date":"2024-10-31T10:41:31","date_gmt":"2024-10-31T09:41:31","guid":{"rendered":"https:\/\/www.arclite-shop.de\/produkt\/850-9932053\/"},"modified":"2026-04-18T16:24:43","modified_gmt":"2026-04-18T14:24:43","slug":"850-9932053","status":"publish","type":"product","link":"https:\/\/www.arclite-shop.de\/es\/produkt\/850-9932053\/","title":{"rendered":"Ra\u00edl DIN de aluminio 1424mm, negro para instalaci\u00f3n Easyline 9932053"},"content":{"rendered":"<p>Stabile Montageschiene f\u00fcr Einbaumontage, aus Aluminium, schwarz pulverbeschichtet. L:1424mm. B:62mm, H:80mm<\/p>\n","protected":false},"excerpt":{"rendered":"<p>Stabile Montageschiene f\u00fcr Einbaumontage, aus Aluminium, schwarz pulverbeschichtet. L:1424mm. B:62mm, H:80mm<\/p>\n","protected":false},"featured_media":368220,"template":"","meta":[],"product_brand":[],"product_cat":[84591],"product_tag":[],"class_list":{"0":"post-343296","1":"product","2":"type-product","3":"status-publish","4":"has-post-thumbnail","6":"product_cat-mechanisches-zubehoer-ersatzteile-fuer-leuchten","8":"first","9":"instock","10":"taxable","11":"shipping-taxable","12":"product-type-simple"},"_links":{"self":[{"href":"https:\/\/www.arclite-shop.de\/es\/wp-json\/wp\/v2\/product\/343296","targetHints":{"allow":["GET"]}}],"collection":[{"href":"https:\/\/www.arclite-shop.de\/es\/wp-json\/wp\/v2\/product"}],"about":[{"href":"https:\/\/www.arclite-shop.de\/es\/wp-json\/wp\/v2\/types\/product"}],"wp:featuredmedia":[{"embeddable":true,"href":"https:\/\/www.arclite-shop.de\/es\/wp-json\/wp\/v2\/media\/368220"}],"wp:attachment":[{"href":"https:\/\/www.arclite-shop.de\/es\/wp-json\/wp\/v2\/media?parent=343296"}],"wp:term":[{"taxonomy":"product_brand","embeddable":true,"href":"https:\/\/www.arclite-shop.de\/es\/wp-json\/wp\/v2\/product_brand?post=343296"},{"taxonomy":"product_cat","embeddable":true,"href":"https:\/\/www.arclite-shop.de\/es\/wp-json\/wp\/v2\/product_cat?post=343296"},{"taxonomy":"product_tag","embeddable":true,"href":"https:\/\/www.arclite-shop.de\/es\/wp-json\/wp\/v2\/product_tag?post=343296"}],"curies":[{"name":"wp","href":"https:\/\/api.w.org\/{rel}","templated":true}]}}