{"id":343174,"date":"2024-10-31T10:40:07","date_gmt":"2024-10-31T09:40:07","guid":{"rendered":"https:\/\/www.arclite-shop.de\/produkt\/850-820562\/"},"modified":"2026-04-18T16:37:21","modified_gmt":"2026-04-18T14:37:21","slug":"850-820562","status":"publish","type":"product","link":"https:\/\/www.arclite-shop.de\/es\/produkt\/850-820562\/","title":{"rendered":"Rosette AD  0mm, grau f\u00fcr Morfi 820562"},"content":{"rendered":"<p>Deckenrosette aus Aluminium f\u00fcr Morfi bis 80W. Durchmesser: 300mm, H\u00f6he: 42mm, Farbe grau. <\/p>\n","protected":false},"excerpt":{"rendered":"<p>Deckenrosette aus Aluminium f\u00fcr Morfi bis 80W. Durchmesser: 300mm, H\u00f6he: 42mm, Farbe grau.<\/p>\n","protected":false},"featured_media":368260,"template":"","meta":[],"product_brand":[],"product_cat":[84591],"product_tag":[],"class_list":{"0":"post-343174","1":"product","2":"type-product","3":"status-publish","4":"has-post-thumbnail","6":"product_cat-mechanisches-zubehoer-ersatzteile-fuer-leuchten","8":"first","9":"instock","10":"taxable","11":"shipping-taxable","12":"product-type-simple"},"_links":{"self":[{"href":"https:\/\/www.arclite-shop.de\/es\/wp-json\/wp\/v2\/product\/343174","targetHints":{"allow":["GET"]}}],"collection":[{"href":"https:\/\/www.arclite-shop.de\/es\/wp-json\/wp\/v2\/product"}],"about":[{"href":"https:\/\/www.arclite-shop.de\/es\/wp-json\/wp\/v2\/types\/product"}],"wp:featuredmedia":[{"embeddable":true,"href":"https:\/\/www.arclite-shop.de\/es\/wp-json\/wp\/v2\/media\/368260"}],"wp:attachment":[{"href":"https:\/\/www.arclite-shop.de\/es\/wp-json\/wp\/v2\/media?parent=343174"}],"wp:term":[{"taxonomy":"product_brand","embeddable":true,"href":"https:\/\/www.arclite-shop.de\/es\/wp-json\/wp\/v2\/product_brand?post=343174"},{"taxonomy":"product_cat","embeddable":true,"href":"https:\/\/www.arclite-shop.de\/es\/wp-json\/wp\/v2\/product_cat?post=343174"},{"taxonomy":"product_tag","embeddable":true,"href":"https:\/\/www.arclite-shop.de\/es\/wp-json\/wp\/v2\/product_tag?post=343174"}],"curies":[{"name":"wp","href":"https:\/\/api.w.org\/{rel}","templated":true}]}}