{"id":343120,"date":"2024-10-31T10:39:30","date_gmt":"2024-10-31T09:39:30","guid":{"rendered":"https:\/\/www.arclite-shop.de\/produkt\/850-900116\/"},"modified":"2026-04-18T16:44:27","modified_gmt":"2026-04-18T14:44:27","slug":"850-900116","status":"publish","type":"product","link":"https:\/\/www.arclite-shop.de\/es\/produkt\/850-900116\/","title":{"rendered":"Suspensi\u00f3n de cuerda 3000mm para CYCLONE slim, Morfi y Easyline 900116"},"content":{"rendered":"<p>Aufh\u00e4ngungskit f\u00fcr Cyclon slim up down 3000mm<\/p>\n","protected":false},"excerpt":{"rendered":"<p>Aufh\u00e4ngungskit f\u00fcr Cyclon slim up down 3000mm<\/p>\n","protected":false},"featured_media":368262,"template":"","meta":[],"product_brand":[],"product_cat":[84591],"product_tag":[],"class_list":{"0":"post-343120","1":"product","2":"type-product","3":"status-publish","4":"has-post-thumbnail","6":"product_cat-mechanisches-zubehoer-ersatzteile-fuer-leuchten","8":"first","9":"outofstock","10":"taxable","11":"shipping-taxable","12":"product-type-simple"},"_links":{"self":[{"href":"https:\/\/www.arclite-shop.de\/es\/wp-json\/wp\/v2\/product\/343120","targetHints":{"allow":["GET"]}}],"collection":[{"href":"https:\/\/www.arclite-shop.de\/es\/wp-json\/wp\/v2\/product"}],"about":[{"href":"https:\/\/www.arclite-shop.de\/es\/wp-json\/wp\/v2\/types\/product"}],"wp:featuredmedia":[{"embeddable":true,"href":"https:\/\/www.arclite-shop.de\/es\/wp-json\/wp\/v2\/media\/368262"}],"wp:attachment":[{"href":"https:\/\/www.arclite-shop.de\/es\/wp-json\/wp\/v2\/media?parent=343120"}],"wp:term":[{"taxonomy":"product_brand","embeddable":true,"href":"https:\/\/www.arclite-shop.de\/es\/wp-json\/wp\/v2\/product_brand?post=343120"},{"taxonomy":"product_cat","embeddable":true,"href":"https:\/\/www.arclite-shop.de\/es\/wp-json\/wp\/v2\/product_cat?post=343120"},{"taxonomy":"product_tag","embeddable":true,"href":"https:\/\/www.arclite-shop.de\/es\/wp-json\/wp\/v2\/product_tag?post=343120"}],"curies":[{"name":"wp","href":"https:\/\/api.w.org\/{rel}","templated":true}]}}