{"id":343116,"date":"2024-10-31T10:39:28","date_gmt":"2024-10-31T09:39:28","guid":{"rendered":"https:\/\/www.arclite-shop.de\/produkt\/850-900112\/"},"modified":"2026-04-18T16:44:56","modified_gmt":"2026-04-18T14:44:56","slug":"850-900112","status":"publish","type":"product","link":"https:\/\/www.arclite-shop.de\/es\/produkt\/850-900112\/","title":{"rendered":"Suspensi\u00f3n de cuerda 1000 mm para CYCLONE slim y Easyline 900112"},"content":{"rendered":"<p>Aufh\u00e4ngungskit f\u00fcr Cyclon slim up down 1000mm<\/p>\n","protected":false},"excerpt":{"rendered":"<p>Aufh\u00e4ngungskit f\u00fcr Cyclon slim up down 1000mm<\/p>\n","protected":false},"featured_media":368262,"template":"","meta":[],"product_brand":[],"product_cat":[84591],"product_tag":[],"class_list":{"0":"post-343116","1":"product","2":"type-product","3":"status-publish","4":"has-post-thumbnail","6":"product_cat-mechanisches-zubehoer-ersatzteile-fuer-leuchten","8":"first","9":"outofstock","10":"taxable","11":"shipping-taxable","12":"product-type-simple"},"_links":{"self":[{"href":"https:\/\/www.arclite-shop.de\/es\/wp-json\/wp\/v2\/product\/343116","targetHints":{"allow":["GET"]}}],"collection":[{"href":"https:\/\/www.arclite-shop.de\/es\/wp-json\/wp\/v2\/product"}],"about":[{"href":"https:\/\/www.arclite-shop.de\/es\/wp-json\/wp\/v2\/types\/product"}],"wp:featuredmedia":[{"embeddable":true,"href":"https:\/\/www.arclite-shop.de\/es\/wp-json\/wp\/v2\/media\/368262"}],"wp:attachment":[{"href":"https:\/\/www.arclite-shop.de\/es\/wp-json\/wp\/v2\/media?parent=343116"}],"wp:term":[{"taxonomy":"product_brand","embeddable":true,"href":"https:\/\/www.arclite-shop.de\/es\/wp-json\/wp\/v2\/product_brand?post=343116"},{"taxonomy":"product_cat","embeddable":true,"href":"https:\/\/www.arclite-shop.de\/es\/wp-json\/wp\/v2\/product_cat?post=343116"},{"taxonomy":"product_tag","embeddable":true,"href":"https:\/\/www.arclite-shop.de\/es\/wp-json\/wp\/v2\/product_tag?post=343116"}],"curies":[{"name":"wp","href":"https:\/\/api.w.org\/{rel}","templated":true}]}}