{"id":343097,"date":"2024-10-31T10:39:16","date_gmt":"2024-10-31T09:39:16","guid":{"rendered":"https:\/\/www.arclite-shop.de\/produkt\/752-ltp-1065-v02\/"},"modified":"2026-04-18T16:47:00","modified_gmt":"2026-04-18T14:47:00","slug":"752-ltp-1065-v02","status":"publish","type":"product","link":"https:\/\/www.arclite-shop.de\/es\/produkt\/752-ltp-1065-v02\/","title":{"rendered":"M\u00f3dulos inal\u00e1mbricos Casambi Ready basicDIM Wireless LTP-1065-V02"},"content":{"rendered":"<p>Drahtlos steuerbar mit einem Android \/ iOS Smart Device, Keine Notwendigkeit f\u00fcr ein externes Gateway-Ger\u00e4t, Bildet automatisch ein drahtloses Kommunikationsnetzwerk mit bis zu 250 Knoten, Kleiner Formfaktor f\u00fcr die Leuchteninstallation, Konfigurierbarer analoger \/ digitaler Ausgang, Analoger Ausgang: 0 &#8211; 10 V \/ 1 &#8211; 10 V sinking \/ sourcing, Digitaler Ausgang: Standalone DALI (kompatibel), Einfach zu implementierende RGB- und Farbtemperatursteuerung, Steuerbarer geschalteter Netzausgang, Ger\u00e4te-Firmware kann over-the-air aktualisiert werden, 5 Jahre Garantie<\/p>\n","protected":false},"excerpt":{"rendered":"<p>Drahtlos steuerbar mit einem Android \/ iOS Smart Device, Keine Notwendigkeit f\u00fcr ein externes Gateway-Ger\u00e4t, Bildet automatisch ein drahtloses Kommunikationsnetzwerk mit bis zu 250 Knoten, Kleiner Formfaktor f\u00fcr die Leuchteninstallation, Konfigurierbarer analoger \/ digitaler Ausgang, Analoger Ausgang: 0 &#8211; 10<span class=\"excerpt-hellip\"> [\u2026]<\/span><\/p>\n","protected":false},"featured_media":368294,"template":"","meta":[],"product_brand":[],"product_cat":[84959],"product_tag":[],"class_list":{"0":"post-343097","1":"product","2":"type-product","3":"status-publish","4":"has-post-thumbnail","6":"product_cat-lichtregelsystemkomponente","8":"first","9":"instock","10":"taxable","11":"shipping-taxable","12":"product-type-simple"},"_links":{"self":[{"href":"https:\/\/www.arclite-shop.de\/es\/wp-json\/wp\/v2\/product\/343097","targetHints":{"allow":["GET"]}}],"collection":[{"href":"https:\/\/www.arclite-shop.de\/es\/wp-json\/wp\/v2\/product"}],"about":[{"href":"https:\/\/www.arclite-shop.de\/es\/wp-json\/wp\/v2\/types\/product"}],"wp:featuredmedia":[{"embeddable":true,"href":"https:\/\/www.arclite-shop.de\/es\/wp-json\/wp\/v2\/media\/368294"}],"wp:attachment":[{"href":"https:\/\/www.arclite-shop.de\/es\/wp-json\/wp\/v2\/media?parent=343097"}],"wp:term":[{"taxonomy":"product_brand","embeddable":true,"href":"https:\/\/www.arclite-shop.de\/es\/wp-json\/wp\/v2\/product_brand?post=343097"},{"taxonomy":"product_cat","embeddable":true,"href":"https:\/\/www.arclite-shop.de\/es\/wp-json\/wp\/v2\/product_cat?post=343097"},{"taxonomy":"product_tag","embeddable":true,"href":"https:\/\/www.arclite-shop.de\/es\/wp-json\/wp\/v2\/product_tag?post=343097"}],"curies":[{"name":"wp","href":"https:\/\/api.w.org\/{rel}","templated":true}]}}