{"id":343096,"date":"2024-10-31T10:39:15","date_gmt":"2024-10-31T09:39:15","guid":{"rendered":"https:\/\/www.arclite-shop.de\/produkt\/752-aa1100169\/"},"modified":"2026-04-18T16:47:07","modified_gmt":"2026-04-18T14:47:07","slug":"752-aa1100169","status":"publish","type":"product","link":"https:\/\/www.arclite-shop.de\/es\/produkt\/752-aa1100169\/","title":{"rendered":"Pantalla DALI 7\" para el programa FFECT AA1100169"},"content":{"rendered":"<p>DALI DISPLAY 7\u00ab DT8, Kommissionierungstool, bis zu 2 DALI Kreise: Konfiguration bis zu 16 Gruppen, bis zu 16 Szenen, Tagesverl\u00e4ufe und Sequenzen + Erstellung von Wochenpl\u00e4nen\/Zuweisung von Verl\u00e4ufen und Sequenzen zu Wochentagen, Lichtsteuereinheit bis zu 2 DALI Kreise: Aufruf bis zu 16 Szenen + Aufruf von Tagesverl\u00e4ufen, Sequenzen und Wochenpl\u00e4nen, 1 Tagesverlauf fest hinterlegt, auf Wunsch mit individuellen Screens inkl. gew\u00fcnschter Features programmierbar, Bei Verwendung vom DALI Display mit DALI Touchpanel, Aufruf von im Display gespeicherten Tagesverl\u00e4ufen + Sequenzen via Touchpanel, inkl. Spannungsversorgung 36 V, Schnittstellen 2x DALI, 1x USB, 1x Ethernet, Ausgangssignal DALI (bis 2 DALI Kreise).<\/p>\n","protected":false},"excerpt":{"rendered":"<p>DALI DISPLAY 7\u00ab DT8, Kommissionierungstool, bis zu 2 DALI Kreise: Konfiguration bis zu 16 Gruppen, bis zu 16 Szenen, Tagesverl\u00e4ufe und Sequenzen + Erstellung von Wochenpl\u00e4nen\/Zuweisung von Verl\u00e4ufen und Sequenzen zu Wochentagen, Lichtsteuereinheit bis zu 2 DALI Kreise: Aufruf bis<span class=\"excerpt-hellip\"> [\u2026]<\/span><\/p>\n","protected":false},"featured_media":368296,"template":"","meta":[],"product_brand":[],"product_cat":[84938],"product_tag":[],"class_list":{"0":"post-343096","1":"product","2":"type-product","3":"status-publish","4":"has-post-thumbnail","6":"product_cat-steuergeraet-fuer-leuchten","8":"first","9":"instock","10":"taxable","11":"shipping-taxable","12":"product-type-simple"},"_links":{"self":[{"href":"https:\/\/www.arclite-shop.de\/es\/wp-json\/wp\/v2\/product\/343096","targetHints":{"allow":["GET"]}}],"collection":[{"href":"https:\/\/www.arclite-shop.de\/es\/wp-json\/wp\/v2\/product"}],"about":[{"href":"https:\/\/www.arclite-shop.de\/es\/wp-json\/wp\/v2\/types\/product"}],"wp:featuredmedia":[{"embeddable":true,"href":"https:\/\/www.arclite-shop.de\/es\/wp-json\/wp\/v2\/media\/368296"}],"wp:attachment":[{"href":"https:\/\/www.arclite-shop.de\/es\/wp-json\/wp\/v2\/media?parent=343096"}],"wp:term":[{"taxonomy":"product_brand","embeddable":true,"href":"https:\/\/www.arclite-shop.de\/es\/wp-json\/wp\/v2\/product_brand?post=343096"},{"taxonomy":"product_cat","embeddable":true,"href":"https:\/\/www.arclite-shop.de\/es\/wp-json\/wp\/v2\/product_cat?post=343096"},{"taxonomy":"product_tag","embeddable":true,"href":"https:\/\/www.arclite-shop.de\/es\/wp-json\/wp\/v2\/product_tag?post=343096"}],"curies":[{"name":"wp","href":"https:\/\/api.w.org\/{rel}","templated":true}]}}