{"id":343083,"date":"2024-10-31T10:39:08","date_gmt":"2024-10-31T09:39:08","guid":{"rendered":"https:\/\/www.arclite-shop.de\/produkt\/752-aa1100174\/"},"modified":"2026-04-18T16:48:38","modified_gmt":"2026-04-18T14:48:38","slug":"752-aa1100174","status":"publish","type":"product","link":"https:\/\/www.arclite-shop.de\/es\/produkt\/752-aa1100174\/","title":{"rendered":"Control de pared empotrado para el programa FFECT AA11004"},"content":{"rendered":"<p>Wandsteuerung Einbau PI-LED K-ZWALLY 24.2 zur Steuerung von FFECT NeoLInk\/Zigbee Leuchten, Stufenlose Regelung der Helligkeit (1 % \u2013 100 %) und der Farbtemperatur (1.800 K \u201316.000 K) sowie Farbdurchlauf, Integration in ein \u00fcbergeordnetes Netzwerk m\u00f6glich (ausgehend von einer NeoLink Box, einem NeoLink USB Stick oder einem Amazon Echo Plus Ger\u00e4t), Ein bau in herk\u00f6mmlichen Unterputz Ger\u00e4tedosen mit einer Mindesttiefe von 61 mm, HCL-Modus \u201eAutomatischer Tageslichtverlauf\u201c inklusive Ber\u00fccksichtigung von direkten und indirekten Lichtanteilen. Standardverlauf \u00abWorkplace+\u00bb UTC+1. <\/p>\n","protected":false},"excerpt":{"rendered":"<p>Wandsteuerung Einbau PI-LED K-ZWALLY 24.2 zur Steuerung von FFECT NeoLInk\/Zigbee Leuchten, Stufenlose Regelung der Helligkeit (1 % \u2013 100 %) und der Farbtemperatur (1.800 K \u201316.000 K) sowie Farbdurchlauf, Integration in ein \u00fcbergeordnetes Netzwerk m\u00f6glich (ausgehend von einer NeoLink Box,<span class=\"excerpt-hellip\"> [\u2026]<\/span><\/p>\n","protected":false},"featured_media":368314,"template":"","meta":[],"product_brand":[],"product_cat":[84938],"product_tag":[],"class_list":{"0":"post-343083","1":"product","2":"type-product","3":"status-publish","4":"has-post-thumbnail","6":"product_cat-steuergeraet-fuer-leuchten","8":"first","9":"instock","10":"taxable","11":"shipping-taxable","12":"product-type-simple"},"_links":{"self":[{"href":"https:\/\/www.arclite-shop.de\/es\/wp-json\/wp\/v2\/product\/343083","targetHints":{"allow":["GET"]}}],"collection":[{"href":"https:\/\/www.arclite-shop.de\/es\/wp-json\/wp\/v2\/product"}],"about":[{"href":"https:\/\/www.arclite-shop.de\/es\/wp-json\/wp\/v2\/types\/product"}],"wp:featuredmedia":[{"embeddable":true,"href":"https:\/\/www.arclite-shop.de\/es\/wp-json\/wp\/v2\/media\/368314"}],"wp:attachment":[{"href":"https:\/\/www.arclite-shop.de\/es\/wp-json\/wp\/v2\/media?parent=343083"}],"wp:term":[{"taxonomy":"product_brand","embeddable":true,"href":"https:\/\/www.arclite-shop.de\/es\/wp-json\/wp\/v2\/product_brand?post=343083"},{"taxonomy":"product_cat","embeddable":true,"href":"https:\/\/www.arclite-shop.de\/es\/wp-json\/wp\/v2\/product_cat?post=343083"},{"taxonomy":"product_tag","embeddable":true,"href":"https:\/\/www.arclite-shop.de\/es\/wp-json\/wp\/v2\/product_tag?post=343083"}],"curies":[{"name":"wp","href":"https:\/\/api.w.org\/{rel}","templated":true}]}}