{"id":343068,"date":"2024-10-31T10:38:59","date_gmt":"2024-10-31T09:38:59","guid":{"rendered":"https:\/\/www.arclite-shop.de\/produkt\/73-28003808\/"},"modified":"2026-04-18T16:49:09","modified_gmt":"2026-04-18T14:49:09","slug":"73-28003808","status":"publish","type":"product","link":"https:\/\/www.arclite-shop.de\/es\/produkt\/73-28003808\/","title":{"rendered":"Controlador LED TRIDONIC Corriente Constante MSensor G3 SFI 30 PIR 4DPI WDA WH 28003808"},"content":{"rendered":"<p>Sensor nach der neuesten DALI-Spezifikation, \u00dcberwachung der Umgebungslicht- und Anwesenheitserkennung, Fernsteuerungsschnittstelle mit Interaktion \u00fcber Infrarot-Fernbedienungen, Individuelle Anpassung der Parameter mit Konfigurations-Software, Stromversorgung \u00fcber DALI-Leitung, Gro\u00dfe Auswahl an Zubeh\u00f6r erm\u00f6glicht einen erweiterten Anwendungsbereich, Kleine Abmessungen erm\u00f6glichen eine einfache und unauff\u00e4llige Integration in Leuchten, 5 Jahre Garantie, Geh\u00e4use: Polycarbonat, wei\u00df, Schutzart bis zu IP54, Die Tridonic MSensor G3 Sensorfamilie sind nach dem DALI Standard EN 62386-101 Ed.2 entwickelt, auch bekannt als DALI-2. Um die Sensoren in solchen Installationen zu nutzen, ist ein Application Controller notwendig., Eine Liste mit gepr\u00fcften Application Controllern ist auf unserer WEB-Seite unter \u201eDownloads\u201c im Dokument \u201eApplication_controllers_MSensor_G3.pdf\u201c zu finden.<\/p>\n","protected":false},"excerpt":{"rendered":"<p>Sensor nach der neuesten DALI-Spezifikation, \u00dcberwachung der Umgebungslicht- und Anwesenheitserkennung, Fernsteuerungsschnittstelle mit Interaktion \u00fcber Infrarot-Fernbedienungen, Individuelle Anpassung der Parameter mit Konfigurations-Software, Stromversorgung \u00fcber DALI-Leitung, Gro\u00dfe Auswahl an Zubeh\u00f6r erm\u00f6glicht einen erweiterten Anwendungsbereich, Kleine Abmessungen erm\u00f6glichen eine einfache und unauff\u00e4llige Integration<span class=\"excerpt-hellip\"> [\u2026]<\/span><\/p>\n","protected":false},"featured_media":368332,"template":"","meta":[],"product_brand":[],"product_cat":[84959],"product_tag":[],"class_list":{"0":"post-343068","1":"product","2":"type-product","3":"status-publish","4":"has-post-thumbnail","6":"product_cat-lichtregelsystemkomponente","8":"first","9":"instock","10":"taxable","11":"shipping-taxable","12":"product-type-simple"},"_links":{"self":[{"href":"https:\/\/www.arclite-shop.de\/es\/wp-json\/wp\/v2\/product\/343068","targetHints":{"allow":["GET"]}}],"collection":[{"href":"https:\/\/www.arclite-shop.de\/es\/wp-json\/wp\/v2\/product"}],"about":[{"href":"https:\/\/www.arclite-shop.de\/es\/wp-json\/wp\/v2\/types\/product"}],"wp:featuredmedia":[{"embeddable":true,"href":"https:\/\/www.arclite-shop.de\/es\/wp-json\/wp\/v2\/media\/368332"}],"wp:attachment":[{"href":"https:\/\/www.arclite-shop.de\/es\/wp-json\/wp\/v2\/media?parent=343068"}],"wp:term":[{"taxonomy":"product_brand","embeddable":true,"href":"https:\/\/www.arclite-shop.de\/es\/wp-json\/wp\/v2\/product_brand?post=343068"},{"taxonomy":"product_cat","embeddable":true,"href":"https:\/\/www.arclite-shop.de\/es\/wp-json\/wp\/v2\/product_cat?post=343068"},{"taxonomy":"product_tag","embeddable":true,"href":"https:\/\/www.arclite-shop.de\/es\/wp-json\/wp\/v2\/product_tag?post=343068"}],"curies":[{"name":"wp","href":"https:\/\/api.w.org\/{rel}","templated":true}]}}