{"id":343063,"date":"2024-10-31T10:38:55","date_gmt":"2024-10-31T09:38:55","guid":{"rendered":"https:\/\/www.arclite-shop.de\/produkt\/73-28003715\/"},"modified":"2026-04-18T16:49:21","modified_gmt":"2026-04-18T14:49:21","slug":"73-28003715","status":"publish","type":"product","link":"https:\/\/www.arclite-shop.de\/es\/produkt\/73-28003715\/","title":{"rendered":"Driver LED TRIDONIC Corriente Constante LC 28\/300-700\/42 bDW NF SC EXC3 28003715"},"content":{"rendered":"<p>Kann als Leuchteneinbau oder unabh\u00e4ngiger LED-Treiber mit aufschnappbarer Zugentlastung verwendet werden (siehe Zubeh\u00f6r), Baut automatisch ein drahtloses Kommunikationsnetzwerk mit bis zu 250 Nodes auf, Dimmbereich 1 \u2013 100 % (min. 5 mA), F\u00fcr Leuchten der Schutzklasse I und der Schutzklasse II, Temperaturschutz gem\u00e4\u00df EN 61347-2-13 C5e, Ausgangsstrom einstellbar zwischen 300 \u2013 700 mA mit NFC, Max. Ausgangsleistung 28 W, Bis zu 85 % Effizienz, Geringe Leistungsaufnahme im Stand-by &lt; 0,45 W, Nominale Lebensdauer bis zu 100.000 h, 5 Jahre Garantie, Geh\u00e4use: Polycarbonat, wei\u00df, Schutzart IP20, basicDIM Wireless, Nahfeld-Kommunikation (NFC), Klemmen: 45\u00b0 Steckklemmen, Einstellbarer Ausgangsstrom in 1-mA-Schritten (NFC), Erweiterte Constant Light Output Funktion (eCLO), Schutzfunktionen (\u00dcbertemperatur, Kurzschluss, \u00dcberlast, Leerlauf), Geeignet f\u00fcr Sicherheitsbeleuchtungsanlagen gem\u00e4\u00df EN 50172, Flexible Konfiguration \u00fcber companionSUITE (NFC), Anwendungsorientiertes Betriebsfenster f\u00fcr max. Kompatibilit\u00e4t, Hohe Energieeinsparungen durch geringe Stand-by-Verluste und hohe Effizienz, In-Field-Programmierung m\u00f6glich nach der Installation mit NFC-Schnittstelle, F\u00fcr Downlight, Strahler und dekorative Anwendungen<\/p>\n","protected":false},"excerpt":{"rendered":"<p>Kann als Leuchteneinbau oder unabh\u00e4ngiger LED-Treiber mit aufschnappbarer Zugentlastung verwendet werden (siehe Zubeh\u00f6r), Baut automatisch ein drahtloses Kommunikationsnetzwerk mit bis zu 250 Nodes auf, Dimmbereich 1 \u2013 100 % (min. 5 mA), F\u00fcr Leuchten der Schutzklasse I und der Schutzklasse<span class=\"excerpt-hellip\"> [\u2026]<\/span><\/p>\n","protected":false},"featured_media":258002,"template":"","meta":[],"product_brand":[],"product_cat":[84631],"product_tag":[],"class_list":{"0":"post-343063","1":"product","2":"type-product","3":"status-publish","4":"has-post-thumbnail","6":"product_cat-led-betriebsgeraet","8":"first","9":"instock","10":"taxable","11":"shipping-taxable","12":"product-type-simple"},"_links":{"self":[{"href":"https:\/\/www.arclite-shop.de\/es\/wp-json\/wp\/v2\/product\/343063","targetHints":{"allow":["GET"]}}],"collection":[{"href":"https:\/\/www.arclite-shop.de\/es\/wp-json\/wp\/v2\/product"}],"about":[{"href":"https:\/\/www.arclite-shop.de\/es\/wp-json\/wp\/v2\/types\/product"}],"wp:featuredmedia":[{"embeddable":true,"href":"https:\/\/www.arclite-shop.de\/es\/wp-json\/wp\/v2\/media\/258002"}],"wp:attachment":[{"href":"https:\/\/www.arclite-shop.de\/es\/wp-json\/wp\/v2\/media?parent=343063"}],"wp:term":[{"taxonomy":"product_brand","embeddable":true,"href":"https:\/\/www.arclite-shop.de\/es\/wp-json\/wp\/v2\/product_brand?post=343063"},{"taxonomy":"product_cat","embeddable":true,"href":"https:\/\/www.arclite-shop.de\/es\/wp-json\/wp\/v2\/product_cat?post=343063"},{"taxonomy":"product_tag","embeddable":true,"href":"https:\/\/www.arclite-shop.de\/es\/wp-json\/wp\/v2\/product_tag?post=343063"}],"curies":[{"name":"wp","href":"https:\/\/api.w.org\/{rel}","templated":true}]}}