{"id":343054,"date":"2024-10-31T10:38:51","date_gmt":"2024-10-31T09:38:51","guid":{"rendered":"https:\/\/www.arclite-shop.de\/produkt\/73-28003555\/"},"modified":"2026-04-18T16:49:33","modified_gmt":"2026-04-18T14:49:33","slug":"73-28003555","status":"publish","type":"product","link":"https:\/\/www.arclite-shop.de\/es\/produkt\/73-28003555\/","title":{"rendered":"TRIDONIC LED Driver de corriente constante LCO 75\/200-1400 flexC 0-10V NF L SNC3 28003555"},"content":{"rendered":"<p>Konstantstrom-LED-Treiber, Gepr\u00fcft nach Salzspr\u00fchnebeltest (ISO 9227), Dimmbar mittels 0 &#8230; 10 V (inkl. Stand-by), Dimmbereich von 1 \u2013 100 %, Ausgangsstrom einstellbar zwischen 200 \u2013 1.400 mA mit NFC, Max. Ausgangsleistung 75 W, Bis zu 88 % Effizienz, Nominale Lebensdauer bis zu 50.000 h, 5 Jahre Garantie, Geh\u00e4use: Metall, schwarz, Schutzart IP67 und IP66, Einstellbarer Ausgangsstrom in 1-mA-Schritten (NFC), AUX-Ausgang, Ausblendzeit programmierbar, Konfigurierbares externes Temperaturmanagement (ETM), Schutzfunktionen (\u00dcbertemperatur, Kurzschluss, \u00dcberlast, Leerlauf), Betriebsfenster f\u00fcr max. Kompatibilit\u00e4t, Energieeinsparung durch Dimmen \u00fcber 0 &#8230;. 10 V Schnittstelle, Konfiguration \u00fcber NFC, Anpassen der Dimmung mit linearen, logarithmischen oder quadratischen Dimmkurven, F\u00fcr Parkhaus-, Hochregal-, Stra\u00dfen- und Wegeanwendungen, F\u00fcr lineare oder fl\u00e4chige Beleuchtung in Industrieanwendungen<\/p>\n","protected":false},"excerpt":{"rendered":"<p>Konstantstrom-LED-Treiber, Gepr\u00fcft nach Salzspr\u00fchnebeltest (ISO 9227), Dimmbar mittels 0 &#8230; 10 V (inkl. Stand-by), Dimmbereich von 1 \u2013 100 %, Ausgangsstrom einstellbar zwischen 200 \u2013 1.400 mA mit NFC, Max. Ausgangsleistung 75 W, Bis zu 88 % Effizienz, Nominale Lebensdauer<span class=\"excerpt-hellip\"> [\u2026]<\/span><\/p>\n","protected":false},"featured_media":368346,"template":"","meta":[],"product_brand":[],"product_cat":[84631],"product_tag":[],"class_list":{"0":"post-343054","1":"product","2":"type-product","3":"status-publish","4":"has-post-thumbnail","6":"product_cat-led-betriebsgeraet","8":"first","9":"instock","10":"taxable","11":"shipping-taxable","12":"product-type-simple"},"_links":{"self":[{"href":"https:\/\/www.arclite-shop.de\/es\/wp-json\/wp\/v2\/product\/343054","targetHints":{"allow":["GET"]}}],"collection":[{"href":"https:\/\/www.arclite-shop.de\/es\/wp-json\/wp\/v2\/product"}],"about":[{"href":"https:\/\/www.arclite-shop.de\/es\/wp-json\/wp\/v2\/types\/product"}],"wp:featuredmedia":[{"embeddable":true,"href":"https:\/\/www.arclite-shop.de\/es\/wp-json\/wp\/v2\/media\/368346"}],"wp:attachment":[{"href":"https:\/\/www.arclite-shop.de\/es\/wp-json\/wp\/v2\/media?parent=343054"}],"wp:term":[{"taxonomy":"product_brand","embeddable":true,"href":"https:\/\/www.arclite-shop.de\/es\/wp-json\/wp\/v2\/product_brand?post=343054"},{"taxonomy":"product_cat","embeddable":true,"href":"https:\/\/www.arclite-shop.de\/es\/wp-json\/wp\/v2\/product_cat?post=343054"},{"taxonomy":"product_tag","embeddable":true,"href":"https:\/\/www.arclite-shop.de\/es\/wp-json\/wp\/v2\/product_tag?post=343054"}],"curies":[{"name":"wp","href":"https:\/\/api.w.org\/{rel}","templated":true}]}}