{"id":343032,"date":"2024-10-31T10:38:38","date_gmt":"2024-10-31T09:38:38","guid":{"rendered":"https:\/\/www.arclite-shop.de\/produkt\/73-28003878\/"},"modified":"2026-04-18T16:50:10","modified_gmt":"2026-04-18T14:50:10","slug":"73-28003878","status":"publish","type":"product","link":"https:\/\/www.arclite-shop.de\/es\/produkt\/73-28003878\/","title":{"rendered":"TRIDONIC LED Driver de corriente constante LC 60\/75-330\/310 flexC NF h16 EXC4 28003878"},"content":{"rendered":"<p>Konstantstrom-LED-Treiber f\u00fcr den Leuchteneinbau, F\u00fcr Leuchten der Schutzklasse I, Ausgangsstrom einstellbar zwischen 75 \u2013 330 mA mit NFC, Max. Ausgangsleistung 60 W, Bis zu 94,5 % Effizienz, Nominale Lebensdauer bis zu 100.000 h, 5 Jahre Garantie, \u201eLow profile\u201c-Metallgeh\u00e4use mit wei\u00dfem Oberteil, Nur 16 mm Geh\u00e4useh\u00f6he, Schutzart IP20, Nahfeld-Kommunikation (NFC), Klemmen: 0\u00b0 Steckklemmen, Einstellbarer Ausgangsstrom in 1-mA-Schritten (NFC), Constant Light Output Funktion (eCLO), Schutzfunktionen (\u00dcbertemperatur, Kurzschluss, \u00dcberlast, Leerlauf), Intelligent Voltage Guard (\u00dcberspannungs- und Unterspannungs\u00fcberwachung), Geeignet f\u00fcr Sicherheitsbeleuchtungsanlagen gem\u00e4\u00df EN 50172, Flexible Konfiguration \u00fcber companionSUITE, Unterst\u00fctzt NFC Mehrfachprogrammierung (ganze Kartoneinheit), Anwendungsorientiertes Betriebsfenster f\u00fcr max. Kompatibilit\u00e4t, Hohe Energieeinsparungen durch hohe Effizienz, Lebensdauer bis zu 100.000 h und 5 Jahre Garantie, F\u00fcr Linear- und Fl\u00e4chenbeleuchtung in B\u00fcroanwendungen<\/p>\n","protected":false},"excerpt":{"rendered":"<p>Konstantstrom-LED-Treiber f\u00fcr den Leuchteneinbau, F\u00fcr Leuchten der Schutzklasse I, Ausgangsstrom einstellbar zwischen 75 \u2013 330 mA mit NFC, Max. Ausgangsleistung 60 W, Bis zu 94,5 % Effizienz, Nominale Lebensdauer bis zu 100.000 h, 5 Jahre Garantie, \u201eLow profile\u201c-Metallgeh\u00e4use mit wei\u00dfem<span class=\"excerpt-hellip\"> [\u2026]<\/span><\/p>\n","protected":false},"featured_media":257952,"template":"","meta":[],"product_brand":[],"product_cat":[84631],"product_tag":[],"class_list":{"0":"post-343032","1":"product","2":"type-product","3":"status-publish","4":"has-post-thumbnail","6":"product_cat-led-betriebsgeraet","8":"first","9":"instock","10":"taxable","11":"shipping-taxable","12":"product-type-simple"},"_links":{"self":[{"href":"https:\/\/www.arclite-shop.de\/es\/wp-json\/wp\/v2\/product\/343032","targetHints":{"allow":["GET"]}}],"collection":[{"href":"https:\/\/www.arclite-shop.de\/es\/wp-json\/wp\/v2\/product"}],"about":[{"href":"https:\/\/www.arclite-shop.de\/es\/wp-json\/wp\/v2\/types\/product"}],"wp:featuredmedia":[{"embeddable":true,"href":"https:\/\/www.arclite-shop.de\/es\/wp-json\/wp\/v2\/media\/257952"}],"wp:attachment":[{"href":"https:\/\/www.arclite-shop.de\/es\/wp-json\/wp\/v2\/media?parent=343032"}],"wp:term":[{"taxonomy":"product_brand","embeddable":true,"href":"https:\/\/www.arclite-shop.de\/es\/wp-json\/wp\/v2\/product_brand?post=343032"},{"taxonomy":"product_cat","embeddable":true,"href":"https:\/\/www.arclite-shop.de\/es\/wp-json\/wp\/v2\/product_cat?post=343032"},{"taxonomy":"product_tag","embeddable":true,"href":"https:\/\/www.arclite-shop.de\/es\/wp-json\/wp\/v2\/product_tag?post=343032"}],"curies":[{"name":"wp","href":"https:\/\/api.w.org\/{rel}","templated":true}]}}