{"id":342991,"date":"2024-10-31T10:38:16","date_gmt":"2024-10-31T09:38:16","guid":{"rendered":"https:\/\/www.arclite-shop.de\/produkt\/73-87501011\/"},"modified":"2026-04-18T16:51:13","modified_gmt":"2026-04-18T14:51:13","slug":"73-87501011","status":"publish","type":"product","link":"https:\/\/www.arclite-shop.de\/es\/produkt\/73-87501011\/","title":{"rendered":"TRIDONIC LED Driver de corriente constante LC 15\/200-350\/42 flexC T-B SNC3 87501011"},"content":{"rendered":"<p>Konstantstrom LED-Treiber f\u00fcr Leuchten der Schutzklasse II, Kompatible Stromschienen 3-Phasen-System, Temperaturschutz nach EN 1347-2-13 C5e, Max. Ausgangsleistung 14,7 W, W\u00e4hlbarer fixer Ausgangsstrom via DIP-Schalter 350, 300, 250 und 200 mA, Shutzklasse IP20, Temperaturschutz gem\u00e4\u00df EN 61347-2-13 C5e, Schutzart IP20, schwarz<\/p>\n","protected":false},"excerpt":{"rendered":"<p>Konstantstrom LED-Treiber f\u00fcr Leuchten der Schutzklasse II, Kompatible Stromschienen 3-Phasen-System, Temperaturschutz nach EN 1347-2-13 C5e, Max. Ausgangsleistung 14,7 W, W\u00e4hlbarer fixer Ausgangsstrom via DIP-Schalter 350, 300, 250 und 200 mA, Shutzklasse IP20, Temperaturschutz gem\u00e4\u00df EN 61347-2-13 C5e, Schutzart IP20, schwarz<\/p>\n","protected":false},"featured_media":257890,"template":"","meta":[],"product_brand":[],"product_cat":[84631],"product_tag":[],"class_list":{"0":"post-342991","1":"product","2":"type-product","3":"status-publish","4":"has-post-thumbnail","6":"product_cat-led-betriebsgeraet","8":"first","9":"instock","10":"taxable","11":"shipping-taxable","12":"product-type-simple"},"_links":{"self":[{"href":"https:\/\/www.arclite-shop.de\/es\/wp-json\/wp\/v2\/product\/342991","targetHints":{"allow":["GET"]}}],"collection":[{"href":"https:\/\/www.arclite-shop.de\/es\/wp-json\/wp\/v2\/product"}],"about":[{"href":"https:\/\/www.arclite-shop.de\/es\/wp-json\/wp\/v2\/types\/product"}],"wp:featuredmedia":[{"embeddable":true,"href":"https:\/\/www.arclite-shop.de\/es\/wp-json\/wp\/v2\/media\/257890"}],"wp:attachment":[{"href":"https:\/\/www.arclite-shop.de\/es\/wp-json\/wp\/v2\/media?parent=342991"}],"wp:term":[{"taxonomy":"product_brand","embeddable":true,"href":"https:\/\/www.arclite-shop.de\/es\/wp-json\/wp\/v2\/product_brand?post=342991"},{"taxonomy":"product_cat","embeddable":true,"href":"https:\/\/www.arclite-shop.de\/es\/wp-json\/wp\/v2\/product_cat?post=342991"},{"taxonomy":"product_tag","embeddable":true,"href":"https:\/\/www.arclite-shop.de\/es\/wp-json\/wp\/v2\/product_tag?post=342991"}],"curies":[{"name":"wp","href":"https:\/\/api.w.org\/{rel}","templated":true}]}}