{"id":342966,"date":"2024-10-31T10:38:02","date_gmt":"2024-10-31T09:38:02","guid":{"rendered":"https:\/\/www.arclite-shop.de\/produkt\/73-89800834\/"},"modified":"2026-04-18T16:51:57","modified_gmt":"2026-04-18T14:51:57","slug":"73-89800834","status":"publish","type":"product","link":"https:\/\/www.arclite-shop.de\/es\/produkt\/73-89800834\/","title":{"rendered":"Unidad de control de iluminaci\u00f3n de emergencia TRIDONIC EMcLED PRO HP   50V 89800834"},"content":{"rendered":"<p>Notlicht-LED-Treiber mit DALI- Interface und automatischer Testfunktion, F\u00fcr einzelbatterieversorgte Notbeleuchtung<br \/>\nF\u00fcr LED-Module mit einer Vorw\u00e4rtsspannung von 15 \u2013 54 V, SELV f\u00fcr Ausgangsspannung &lt; 60 V DC, \u201eLow profile\u201c-Geh\u00e4use (21 x 30 mm Querschnitt), F\u00fcr Leuchteneinbau, Nominale Lebensdauer bis zu 100.000 h, 5 Jahre Garantie.<\/p>\n","protected":false},"excerpt":{"rendered":"<p>Notlicht-LED-Treiber mit DALI- Interface und automatischer Testfunktion, F\u00fcr einzelbatterieversorgte Notbeleuchtung F\u00fcr LED-Module mit einer Vorw\u00e4rtsspannung von 15 \u2013 54 V, SELV f\u00fcr Ausgangsspannung &lt; 60 V DC, \u201eLow profile\u201c-Geh\u00e4use (21 x 30 mm Querschnitt), F\u00fcr Leuchteneinbau, Nominale Lebensdauer bis zu<span class=\"excerpt-hellip\"> [\u2026]<\/span><\/p>\n","protected":false},"featured_media":368400,"template":"","meta":[],"product_brand":[],"product_cat":[85190],"product_tag":[],"class_list":{"0":"post-342966","1":"product","2":"type-product","3":"status-publish","4":"has-post-thumbnail","6":"product_cat-notlichtversorgungszentrale","8":"first","9":"instock","10":"taxable","11":"shipping-taxable","12":"product-type-simple"},"_links":{"self":[{"href":"https:\/\/www.arclite-shop.de\/es\/wp-json\/wp\/v2\/product\/342966","targetHints":{"allow":["GET"]}}],"collection":[{"href":"https:\/\/www.arclite-shop.de\/es\/wp-json\/wp\/v2\/product"}],"about":[{"href":"https:\/\/www.arclite-shop.de\/es\/wp-json\/wp\/v2\/types\/product"}],"wp:featuredmedia":[{"embeddable":true,"href":"https:\/\/www.arclite-shop.de\/es\/wp-json\/wp\/v2\/media\/368400"}],"wp:attachment":[{"href":"https:\/\/www.arclite-shop.de\/es\/wp-json\/wp\/v2\/media?parent=342966"}],"wp:term":[{"taxonomy":"product_brand","embeddable":true,"href":"https:\/\/www.arclite-shop.de\/es\/wp-json\/wp\/v2\/product_brand?post=342966"},{"taxonomy":"product_cat","embeddable":true,"href":"https:\/\/www.arclite-shop.de\/es\/wp-json\/wp\/v2\/product_cat?post=342966"},{"taxonomy":"product_tag","embeddable":true,"href":"https:\/\/www.arclite-shop.de\/es\/wp-json\/wp\/v2\/product_tag?post=342966"}],"curies":[{"name":"wp","href":"https:\/\/api.w.org\/{rel}","templated":true}]}}