{"id":342904,"date":"2024-10-31T10:37:28","date_gmt":"2024-10-31T09:37:28","guid":{"rendered":"https:\/\/www.arclite-shop.de\/produkt\/73-89800534\/"},"modified":"2026-04-18T16:55:14","modified_gmt":"2026-04-18T14:55:14","slug":"73-89800534","status":"publish","type":"product","link":"https:\/\/www.arclite-shop.de\/es\/produkt\/73-89800534\/","title":{"rendered":"Kit de m\u00f3dulo de luz de emergencia TRIDONIC EM R2A  SIC NM 111 2W 89800534"},"content":{"rendered":"<p>LED-Notlichtmodul f\u00fcr die direkte Installation in Decken, Komplettes Set mit integrierter Elektronik, LED-Modul, K\u00fchlfl\u00e4che, Optik und Akku, Beinhaltet click-in Multi-Linsen-Optik f\u00fcr Anti-Panik-, Fluchtwegs-und Spot-Beleuchtung, Notlichtfunktion f\u00fcr manuellen Test, Decken\u00f6ffnung mit kleiner Gr\u00f6\u00dfe, 40 \u2013 43 mm Durchmesser, 80 mm H\u00f6he.<\/p>\n","protected":false},"excerpt":{"rendered":"<p>LED-Notlichtmodul f\u00fcr die direkte Installation in Decken, Komplettes Set mit integrierter Elektronik, LED-Modul, K\u00fchlfl\u00e4che, Optik und Akku, Beinhaltet click-in Multi-Linsen-Optik f\u00fcr Anti-Panik-, Fluchtwegs-und Spot-Beleuchtung, Notlichtfunktion f\u00fcr manuellen Test, Decken\u00f6ffnung mit kleiner Gr\u00f6\u00dfe, 40 \u2013 43 mm Durchmesser, 80 mm H\u00f6he.<\/p>\n","protected":false},"featured_media":368422,"template":"","meta":[],"product_brand":[],"product_cat":[85247],"product_tag":[],"class_list":{"0":"post-342904","1":"product","2":"type-product","3":"status-publish","4":"has-post-thumbnail","6":"product_cat-sicherheitsleuchte","8":"first","9":"instock","10":"taxable","11":"shipping-taxable","12":"product-type-simple"},"_links":{"self":[{"href":"https:\/\/www.arclite-shop.de\/es\/wp-json\/wp\/v2\/product\/342904","targetHints":{"allow":["GET"]}}],"collection":[{"href":"https:\/\/www.arclite-shop.de\/es\/wp-json\/wp\/v2\/product"}],"about":[{"href":"https:\/\/www.arclite-shop.de\/es\/wp-json\/wp\/v2\/types\/product"}],"wp:featuredmedia":[{"embeddable":true,"href":"https:\/\/www.arclite-shop.de\/es\/wp-json\/wp\/v2\/media\/368422"}],"wp:attachment":[{"href":"https:\/\/www.arclite-shop.de\/es\/wp-json\/wp\/v2\/media?parent=342904"}],"wp:term":[{"taxonomy":"product_brand","embeddable":true,"href":"https:\/\/www.arclite-shop.de\/es\/wp-json\/wp\/v2\/product_brand?post=342904"},{"taxonomy":"product_cat","embeddable":true,"href":"https:\/\/www.arclite-shop.de\/es\/wp-json\/wp\/v2\/product_cat?post=342904"},{"taxonomy":"product_tag","embeddable":true,"href":"https:\/\/www.arclite-shop.de\/es\/wp-json\/wp\/v2\/product_tag?post=342904"}],"curies":[{"name":"wp","href":"https:\/\/api.w.org\/{rel}","templated":true}]}}