{"id":342881,"date":"2024-10-31T10:37:15","date_gmt":"2024-10-31T09:37:15","guid":{"rendered":"https:\/\/www.arclite-shop.de\/produkt\/73-28002684\/"},"modified":"2026-04-18T16:56:18","modified_gmt":"2026-04-18T14:56:18","slug":"73-28002684","status":"publish","type":"product","link":"https:\/\/www.arclite-shop.de\/es\/produkt\/73-28002684\/","title":{"rendered":"CONTROLADOR TRIDONIC DALI UPB4 sC 28002684"},"content":{"rendered":"<p>{nobullet} DALI-Eingangskontroller, 4 unabh\u00e4ngige Eing\u00e4nge f\u00fcr potenzialfreie Kontakte, Zur Anbindung handels\u00fcblicher Taster oder Schalter, Mehrere UPB4 an der DALI-Linie m\u00f6glich, Stromversorgung \u00fcber DALI-Leitung, Anschlussdr\u00e4hte in den Farben der Klemmen mit 25 cm L\u00e4nge liegen bei, 5 Jahre Garantie<\/p>\n","protected":false},"excerpt":{"rendered":"<p>{nobullet} DALI-Eingangskontroller, 4 unabh\u00e4ngige Eing\u00e4nge f\u00fcr potenzialfreie Kontakte, Zur Anbindung handels\u00fcblicher Taster oder Schalter, Mehrere UPB4 an der DALI-Linie m\u00f6glich, Stromversorgung \u00fcber DALI-Leitung, Anschlussdr\u00e4hte in den Farben der Klemmen mit 25 cm L\u00e4nge liegen bei, 5 Jahre Garantie<\/p>\n","protected":false},"featured_media":368454,"template":"","meta":[],"product_brand":[],"product_cat":[84899],"product_tag":[],"class_list":{"0":"post-342881","1":"product","2":"type-product","3":"status-publish","4":"has-post-thumbnail","6":"product_cat-zubehoer-ersatzteile-fuer-led-betriebsgeraete-und-module","8":"first","9":"instock","10":"taxable","11":"shipping-taxable","12":"product-type-simple"},"_links":{"self":[{"href":"https:\/\/www.arclite-shop.de\/es\/wp-json\/wp\/v2\/product\/342881","targetHints":{"allow":["GET"]}}],"collection":[{"href":"https:\/\/www.arclite-shop.de\/es\/wp-json\/wp\/v2\/product"}],"about":[{"href":"https:\/\/www.arclite-shop.de\/es\/wp-json\/wp\/v2\/types\/product"}],"wp:featuredmedia":[{"embeddable":true,"href":"https:\/\/www.arclite-shop.de\/es\/wp-json\/wp\/v2\/media\/368454"}],"wp:attachment":[{"href":"https:\/\/www.arclite-shop.de\/es\/wp-json\/wp\/v2\/media?parent=342881"}],"wp:term":[{"taxonomy":"product_brand","embeddable":true,"href":"https:\/\/www.arclite-shop.de\/es\/wp-json\/wp\/v2\/product_brand?post=342881"},{"taxonomy":"product_cat","embeddable":true,"href":"https:\/\/www.arclite-shop.de\/es\/wp-json\/wp\/v2\/product_cat?post=342881"},{"taxonomy":"product_tag","embeddable":true,"href":"https:\/\/www.arclite-shop.de\/es\/wp-json\/wp\/v2\/product_tag?post=342881"}],"curies":[{"name":"wp","href":"https:\/\/api.w.org\/{rel}","templated":true}]}}