{"id":342880,"date":"2024-10-31T10:37:14","date_gmt":"2024-10-31T09:37:14","guid":{"rendered":"https:\/\/www.arclite-shop.de\/produkt\/73-28003209\/"},"modified":"2026-04-18T16:56:20","modified_gmt":"2026-04-18T14:56:20","slug":"73-28003209","status":"publish","type":"product","link":"https:\/\/www.arclite-shop.de\/es\/produkt\/73-28003209\/","title":{"rendered":"Juego de montaje TRIDONIC ACU Z18 REP 4PIN 28003209"},"content":{"rendered":"<p>Dieses Set beinhaltet die Steckerbuchse, Befestigungsscheibe und Befestigungsmutter (ACU Z18 REP 4PIN), Designed f\u00fcr Stra\u00dfenbeleuchtung, Gem\u00e4\u00df Zhaga book 18 Ed. 2, Optionaler IP66 Schutz mit Schutzkappe (ACU Z18 CAP IP66), UL UV-f1 zertifiziert f\u00fcr UV-Schutz, IK09 zertifiziert f\u00fcr sehr hohe Sto\u00dfbelastungen, Geh\u00e4use des Steckerbuchse: PBT, Schutzart IP20, Enth\u00e4lt Zhaga book 18 Ed. 2 Verbindungssytem<\/p>\n","protected":false},"excerpt":{"rendered":"<p>Dieses Set beinhaltet die Steckerbuchse, Befestigungsscheibe und Befestigungsmutter (ACU Z18 REP 4PIN), Designed f\u00fcr Stra\u00dfenbeleuchtung, Gem\u00e4\u00df Zhaga book 18 Ed. 2, Optionaler IP66 Schutz mit Schutzkappe (ACU Z18 CAP IP66), UL UV-f1 zertifiziert f\u00fcr UV-Schutz, IK09 zertifiziert f\u00fcr sehr hohe<span class=\"excerpt-hellip\"> [\u2026]<\/span><\/p>\n","protected":false},"featured_media":368452,"template":"","meta":[],"product_brand":[],"product_cat":[84899],"product_tag":[],"class_list":{"0":"post-342880","1":"product","2":"type-product","3":"status-publish","4":"has-post-thumbnail","6":"product_cat-zubehoer-ersatzteile-fuer-led-betriebsgeraete-und-module","8":"first","9":"instock","10":"taxable","11":"shipping-taxable","12":"product-type-simple"},"_links":{"self":[{"href":"https:\/\/www.arclite-shop.de\/es\/wp-json\/wp\/v2\/product\/342880","targetHints":{"allow":["GET"]}}],"collection":[{"href":"https:\/\/www.arclite-shop.de\/es\/wp-json\/wp\/v2\/product"}],"about":[{"href":"https:\/\/www.arclite-shop.de\/es\/wp-json\/wp\/v2\/types\/product"}],"wp:featuredmedia":[{"embeddable":true,"href":"https:\/\/www.arclite-shop.de\/es\/wp-json\/wp\/v2\/media\/368452"}],"wp:attachment":[{"href":"https:\/\/www.arclite-shop.de\/es\/wp-json\/wp\/v2\/media?parent=342880"}],"wp:term":[{"taxonomy":"product_brand","embeddable":true,"href":"https:\/\/www.arclite-shop.de\/es\/wp-json\/wp\/v2\/product_brand?post=342880"},{"taxonomy":"product_cat","embeddable":true,"href":"https:\/\/www.arclite-shop.de\/es\/wp-json\/wp\/v2\/product_cat?post=342880"},{"taxonomy":"product_tag","embeddable":true,"href":"https:\/\/www.arclite-shop.de\/es\/wp-json\/wp\/v2\/product_tag?post=342880"}],"curies":[{"name":"wp","href":"https:\/\/api.w.org\/{rel}","templated":true}]}}