{"id":342850,"date":"2024-10-31T10:36:58","date_gmt":"2024-10-31T09:36:58","guid":{"rendered":"https:\/\/www.arclite-shop.de\/produkt\/73-28001534\/"},"modified":"2026-04-18T16:56:55","modified_gmt":"2026-04-18T14:56:55","slug":"73-28001534","status":"publish","type":"product","link":"https:\/\/www.arclite-shop.de\/es\/produkt\/73-28001534\/","title":{"rendered":"TRIDONIC Juego de Alivio de Deformaci\u00f3n ACU SC 43x22,5mm JUEGO DE CLIP SR 28001534"},"content":{"rendered":"<p>Optionales Zugentlastungsset f\u00fcr unabh\u00e4ngige Anwendung, Leichte und werkzeuglose Montage an den LED-Treiber, Schraubenlose Kabelklemmkan\u00e4le, Erweitert den LED-Treiber in einen vollen Klasse II kompatiblen LED-Treiber (z. B. f\u00fcr Deckeninstallation), Nur ein Kabel pro Zugentlastungskanal verwenden, Gesamtl\u00e4nge = L\u00e4nge L (LED-Treiber) + 2 x 24, 5 mm (Zugentlastung)<\/p>\n","protected":false},"excerpt":{"rendered":"<p>Optionales Zugentlastungsset f\u00fcr unabh\u00e4ngige Anwendung, Leichte und werkzeuglose Montage an den LED-Treiber, Schraubenlose Kabelklemmkan\u00e4le, Erweitert den LED-Treiber in einen vollen Klasse II kompatiblen LED-Treiber (z. B. f\u00fcr Deckeninstallation), Nur ein Kabel pro Zugentlastungskanal verwenden, Gesamtl\u00e4nge = L\u00e4nge L (LED-Treiber) +<span class=\"excerpt-hellip\"> [\u2026]<\/span><\/p>\n","protected":false},"featured_media":368480,"template":"","meta":[],"product_brand":[],"product_cat":[84899],"product_tag":[],"class_list":{"0":"post-342850","1":"product","2":"type-product","3":"status-publish","4":"has-post-thumbnail","6":"product_cat-zubehoer-ersatzteile-fuer-led-betriebsgeraete-und-module","8":"first","9":"instock","10":"taxable","11":"shipping-taxable","12":"product-type-simple"},"_links":{"self":[{"href":"https:\/\/www.arclite-shop.de\/es\/wp-json\/wp\/v2\/product\/342850","targetHints":{"allow":["GET"]}}],"collection":[{"href":"https:\/\/www.arclite-shop.de\/es\/wp-json\/wp\/v2\/product"}],"about":[{"href":"https:\/\/www.arclite-shop.de\/es\/wp-json\/wp\/v2\/types\/product"}],"wp:featuredmedia":[{"embeddable":true,"href":"https:\/\/www.arclite-shop.de\/es\/wp-json\/wp\/v2\/media\/368480"}],"wp:attachment":[{"href":"https:\/\/www.arclite-shop.de\/es\/wp-json\/wp\/v2\/media?parent=342850"}],"wp:term":[{"taxonomy":"product_brand","embeddable":true,"href":"https:\/\/www.arclite-shop.de\/es\/wp-json\/wp\/v2\/product_brand?post=342850"},{"taxonomy":"product_cat","embeddable":true,"href":"https:\/\/www.arclite-shop.de\/es\/wp-json\/wp\/v2\/product_cat?post=342850"},{"taxonomy":"product_tag","embeddable":true,"href":"https:\/\/www.arclite-shop.de\/es\/wp-json\/wp\/v2\/product_tag?post=342850"}],"curies":[{"name":"wp","href":"https:\/\/api.w.org\/{rel}","templated":true}]}}