{"id":342756,"date":"2024-10-31T10:36:06","date_gmt":"2024-10-31T09:36:06","guid":{"rendered":"https:\/\/www.arclite-shop.de\/produkt\/73-28001248\/"},"modified":"2026-04-18T16:59:34","modified_gmt":"2026-04-18T14:59:34","slug":"73-28001248","status":"publish","type":"product","link":"https:\/\/www.arclite-shop.de\/es\/produkt\/73-28001248\/","title":{"rendered":"TRIDONIC ready2mains para one4all ready2mains Gateway 400VA 28001248"},"content":{"rendered":"<p>Interface zur \u00dcbermittlung digitaler Kontroll- und Dimm-Befehle an ready2mains-f\u00e4hige LED-Treiber \u00fcber die Netzleitung, Einfache Einbindung von Sensoren und Tastern dank one4all-Schnittstelle: DALI, DSI, switchDIM, corridorFUNCTION, Gesamtanschlussleistung: max. 400 VA (max. 15 LED-Treiber), Kurzschluss- und \u00dcberlastabschaltung mit automatischem Neustart, \u00dcbertemperaturschutz, Doppelklemmen f\u00fcr Durchgangsverdrahtung, Werkzeuglose Schnellmontage von Zugentlastung und Klemmenabdeckung, 5 Jahre Garantie, one4all (DALI DT 254, DSI, switchDIM, corridorFUNCTION)<\/p>\n","protected":false},"excerpt":{"rendered":"<p>Interface zur \u00dcbermittlung digitaler Kontroll- und Dimm-Befehle an ready2mains-f\u00e4hige LED-Treiber \u00fcber die Netzleitung, Einfache Einbindung von Sensoren und Tastern dank one4all-Schnittstelle: DALI, DSI, switchDIM, corridorFUNCTION, Gesamtanschlussleistung: max. 400 VA (max. 15 LED-Treiber), Kurzschluss- und \u00dcberlastabschaltung mit automatischem Neustart, \u00dcbertemperaturschutz, Doppelklemmen<span class=\"excerpt-hellip\"> [\u2026]<\/span><\/p>\n","protected":false},"featured_media":368494,"template":"","meta":[],"product_brand":[],"product_cat":[84938],"product_tag":[],"class_list":{"0":"post-342756","1":"product","2":"type-product","3":"status-publish","4":"has-post-thumbnail","6":"product_cat-steuergeraet-fuer-leuchten","8":"first","9":"instock","10":"taxable","11":"shipping-taxable","12":"product-type-simple"},"_links":{"self":[{"href":"https:\/\/www.arclite-shop.de\/es\/wp-json\/wp\/v2\/product\/342756","targetHints":{"allow":["GET"]}}],"collection":[{"href":"https:\/\/www.arclite-shop.de\/es\/wp-json\/wp\/v2\/product"}],"about":[{"href":"https:\/\/www.arclite-shop.de\/es\/wp-json\/wp\/v2\/types\/product"}],"wp:featuredmedia":[{"embeddable":true,"href":"https:\/\/www.arclite-shop.de\/es\/wp-json\/wp\/v2\/media\/368494"}],"wp:attachment":[{"href":"https:\/\/www.arclite-shop.de\/es\/wp-json\/wp\/v2\/media?parent=342756"}],"wp:term":[{"taxonomy":"product_brand","embeddable":true,"href":"https:\/\/www.arclite-shop.de\/es\/wp-json\/wp\/v2\/product_brand?post=342756"},{"taxonomy":"product_cat","embeddable":true,"href":"https:\/\/www.arclite-shop.de\/es\/wp-json\/wp\/v2\/product_cat?post=342756"},{"taxonomy":"product_tag","embeddable":true,"href":"https:\/\/www.arclite-shop.de\/es\/wp-json\/wp\/v2\/product_tag?post=342756"}],"curies":[{"name":"wp","href":"https:\/\/api.w.org\/{rel}","templated":true}]}}