{"id":342737,"date":"2024-10-31T10:35:55","date_gmt":"2024-10-31T09:35:55","guid":{"rendered":"https:\/\/www.arclite-shop.de\/produkt\/73-89800648\/"},"modified":"2026-04-18T16:59:55","modified_gmt":"2026-04-18T14:59:55","slug":"73-89800648","status":"publish","type":"product","link":"https:\/\/www.arclite-shop.de\/es\/produkt\/73-89800648\/","title":{"rendered":"Convertidor TRIDONIC EM unidad de control de iluminaci\u00f3n de emergencia LED ST 20NiCd\/NiMH 50V 89800648"},"content":{"rendered":"<p>Einzelbatterieversorgter Notlicht-LED-Treiber mit Selbsttestfunktion, Bereitschaftsbetrieb, F\u00fcr LED-Module mit einer Vorw\u00e4rtsspannung von 10 \u2013 54 V, SELV f\u00fcr Ausgangsspannung &lt; 60 V DC, F\u00fcr Leuchteneinbau, Nominale Lebensdauer bis zu 100.000 h, 5 Jahre Garantie, 1, 2 oder 3 h Bemessungsbetriebsdauer mit Duration Link w\u00e4hlbar, Konstante Ausgangsleistung, {nobullet} Selbsttest:, W\u00f6chentlicher Funktionstest, J\u00e4hrlicher Betriebsdauertest, 3-Pol-Technologie: 2-polige Umschaltung des LED-Moduls und verz\u00f6gerte Netzzuschaltung f\u00fcr den LED-Treiber, F\u00fcr weitere Informationen siehe Datenblatt, Kompatibilit\u00e4t mit LED-Treiber, Intelligentes Ladesystem, Tiefentladeschutz, Verpolungsschutz f\u00fcr Akku, NiCd- oder NiMH-Akkus, 4 Jahre erwartete Lebensdauer, 1 Jahr Garantie, F\u00fcr Akkukompatibilit\u00e4t siehe Datenblatt, Auswahl Akku<\/p>\n","protected":false},"excerpt":{"rendered":"<p>Einzelbatterieversorgter Notlicht-LED-Treiber mit Selbsttestfunktion, Bereitschaftsbetrieb, F\u00fcr LED-Module mit einer Vorw\u00e4rtsspannung von 10 \u2013 54 V, SELV f\u00fcr Ausgangsspannung &lt; 60 V DC, F\u00fcr Leuchteneinbau, Nominale Lebensdauer bis zu 100.000 h, 5 Jahre Garantie, 1, 2 oder 3 h Bemessungsbetriebsdauer mit<span class=\"excerpt-hellip\"> [\u2026]<\/span><\/p>\n","protected":false},"featured_media":368510,"template":"","meta":[],"product_brand":[],"product_cat":[85190],"product_tag":[],"class_list":{"0":"post-342737","1":"product","2":"type-product","3":"status-publish","4":"has-post-thumbnail","6":"product_cat-notlichtversorgungszentrale","8":"first","9":"outofstock","10":"taxable","11":"shipping-taxable","12":"product-type-simple"},"_links":{"self":[{"href":"https:\/\/www.arclite-shop.de\/es\/wp-json\/wp\/v2\/product\/342737","targetHints":{"allow":["GET"]}}],"collection":[{"href":"https:\/\/www.arclite-shop.de\/es\/wp-json\/wp\/v2\/product"}],"about":[{"href":"https:\/\/www.arclite-shop.de\/es\/wp-json\/wp\/v2\/types\/product"}],"wp:featuredmedia":[{"embeddable":true,"href":"https:\/\/www.arclite-shop.de\/es\/wp-json\/wp\/v2\/media\/368510"}],"wp:attachment":[{"href":"https:\/\/www.arclite-shop.de\/es\/wp-json\/wp\/v2\/media?parent=342737"}],"wp:term":[{"taxonomy":"product_brand","embeddable":true,"href":"https:\/\/www.arclite-shop.de\/es\/wp-json\/wp\/v2\/product_brand?post=342737"},{"taxonomy":"product_cat","embeddable":true,"href":"https:\/\/www.arclite-shop.de\/es\/wp-json\/wp\/v2\/product_cat?post=342737"},{"taxonomy":"product_tag","embeddable":true,"href":"https:\/\/www.arclite-shop.de\/es\/wp-json\/wp\/v2\/product_tag?post=342737"}],"curies":[{"name":"wp","href":"https:\/\/api.w.org\/{rel}","templated":true}]}}