{"id":342677,"date":"2024-10-31T10:35:22","date_gmt":"2024-10-31T09:35:22","guid":{"rendered":"https:\/\/www.arclite-shop.de\/produkt\/73-89800121\/"},"modified":"2026-04-18T17:02:45","modified_gmt":"2026-04-18T15:02:45","slug":"73-89800121","status":"publish","type":"product","link":"https:\/\/www.arclite-shop.de\/es\/produkt\/73-89800121\/","title":{"rendered":"EQUIPO DE CONTROL DE ILUMINACI\u00d3N DE EMERGENCIA CON MOTOR TRIDONIC EM EM LED DE 4 W BASIC CLIP-FIX 89800121"},"content":{"rendered":"<p>Notlicht-LED-Treiber f\u00fcr manuellen Test, F\u00fcr einzelbatterieversorgte Notbeleuchtung, SELV f\u00fcr Ausgangsspannung &lt; 60 V DC, \u201eLow profile\u201c-Geh\u00e4use (21 x 30 mm Querschnitt), 5 Jahre Garantie, Bereitschaftsbetrieb, Konstantstrombetrieb, Wahlweise mit Schraubbefestigung oder Steckbefestigung (Clip-fix), 1, 2 oder 3 h Bemessungsbetriebsdauer, Betriebsdauer mit Stecker (Jumper) w\u00e4hlbar, Gr\u00fcne LED zur Ladestatusanzeige, Ausgangsleistungsbegrenzung, Automatischer Wiederstart nach LED-Tausch, Elektronisches Multi-Level-Ladesystem, SELV-klassifiziert (Ausg\u00e4nge powerLED, Akku, Status-LED, Pr\u00fcftaster), Verpolungsschutz f\u00fcr Akku, Tiefentladeschutz, Sehr geringer Energieverbrauch des Akkus nach Ansprechen des Tiefentladeschutzes, Kurzschlussfester Akku-Anschluss, Notlicht-LED verf\u00fcgbar, Hochtemperaturzellen, NiCd- oder NiMH-Akkus, 4 Jahre erwartete Lebensdauer, 1 Jahr Garantie, F\u00fcr Akkukompatibilit\u00e4t siehe Datenblatt<\/p>\n","protected":false},"excerpt":{"rendered":"<p>Notlicht-LED-Treiber f\u00fcr manuellen Test, F\u00fcr einzelbatterieversorgte Notbeleuchtung, SELV f\u00fcr Ausgangsspannung &lt; 60 V DC, \u201eLow profile\u201c-Geh\u00e4use (21 x 30 mm Querschnitt), 5 Jahre Garantie, Bereitschaftsbetrieb, Konstantstrombetrieb, Wahlweise mit Schraubbefestigung oder Steckbefestigung (Clip-fix), 1, 2 oder 3 h Bemessungsbetriebsdauer, Betriebsdauer mit<span class=\"excerpt-hellip\"> [\u2026]<\/span><\/p>\n","protected":false},"featured_media":368521,"template":"","meta":[],"product_brand":[],"product_cat":[85190],"product_tag":[],"class_list":{"0":"post-342677","1":"product","2":"type-product","3":"status-publish","4":"has-post-thumbnail","6":"product_cat-notlichtversorgungszentrale","8":"first","9":"instock","10":"taxable","11":"shipping-taxable","12":"product-type-simple"},"_links":{"self":[{"href":"https:\/\/www.arclite-shop.de\/es\/wp-json\/wp\/v2\/product\/342677","targetHints":{"allow":["GET"]}}],"collection":[{"href":"https:\/\/www.arclite-shop.de\/es\/wp-json\/wp\/v2\/product"}],"about":[{"href":"https:\/\/www.arclite-shop.de\/es\/wp-json\/wp\/v2\/types\/product"}],"wp:featuredmedia":[{"embeddable":true,"href":"https:\/\/www.arclite-shop.de\/es\/wp-json\/wp\/v2\/media\/368521"}],"wp:attachment":[{"href":"https:\/\/www.arclite-shop.de\/es\/wp-json\/wp\/v2\/media?parent=342677"}],"wp:term":[{"taxonomy":"product_brand","embeddable":true,"href":"https:\/\/www.arclite-shop.de\/es\/wp-json\/wp\/v2\/product_brand?post=342677"},{"taxonomy":"product_cat","embeddable":true,"href":"https:\/\/www.arclite-shop.de\/es\/wp-json\/wp\/v2\/product_cat?post=342677"},{"taxonomy":"product_tag","embeddable":true,"href":"https:\/\/www.arclite-shop.de\/es\/wp-json\/wp\/v2\/product_tag?post=342677"}],"curies":[{"name":"wp","href":"https:\/\/api.w.org\/{rel}","templated":true}]}}