{"id":342666,"date":"2024-10-31T10:35:16","date_gmt":"2024-10-31T09:35:16","guid":{"rendered":"https:\/\/www.arclite-shop.de\/produkt\/73-89800029\/"},"modified":"2026-04-18T17:02:53","modified_gmt":"2026-04-18T15:02:53","slug":"73-89800029","status":"publish","type":"product","link":"https:\/\/www.arclite-shop.de\/es\/produkt\/73-89800029\/","title":{"rendered":"Unidad de control de iluminaci\u00f3n de emergencia TRIDONIC EM PowerLED  W PRO EZ-3 SCREW-FIX 89800029"},"content":{"rendered":"<p>Notlicht-LED-Treiber mit DALI-Interface und automatischer Testfunktion, F\u00fcr einzelbatterieversorgte Notbeleuchtung, SELV f\u00fcr Ausgangsspannung &lt; 60 V DC, \u201eLow profile\u201c-Geh\u00e4use (21 x 30 mm Querschnitt), 5 Jahre Garantie, Netz- und Notbetrieb, DALI-Schnittstelle f\u00fcr kontrollierte Pr\u00fcfungen und \u00dcberwachung, DALI schaltbar im Netzbetrieb (ein\/aus); die geschaltete Phase SL muss eingeschaltet sein, Konstantstrombetrieb, Wahlweise mit Schraubbefestigung oder Steckbefestigung (Clip-fix), 1, 2 oder 3 h Bemessungsbetriebsdauer, Betriebsdauer mit Stecker (Jumper) w\u00e4hlbar, Ausgangsleistungsbegrenzung, Zweifarbige LED zur Statusanzeige, Automatischer Wiederstart nach LED-Tausch, Elektronisches Multi-Level-Ladesystem, SELV-klassifiziert (Ausg\u00e4nge powerLED, Akku, Status-LED, Pr\u00fcftaster), Verpolungsschutz f\u00fcr Akku, Tiefentladeschutz, Sehr geringer Energieverbrauch des Akkus nach Ansprechen des Tiefentladeschutzes, Kurzschlussfester Akku-Anschluss, Adressierfunktion, patentrechtlich gesch\u00fctzt (\u201eEZ easy addressing\u201c), Notlicht-LED verf\u00fcgbar, {nobullet} Tests:, Zustand des Akkus, Zustand der LED, Ladebedingung, Funktionstest, Betriebsdauertest, Hochtemperaturzellen 2 Ah, NiMH-Akkus, Cs-Zellen, 4 Jahre erwartete Lebensdauer, 1 Jahr Garantie, F\u00fcr Akkukompatibilit\u00e4t siehe Datenblatt<\/p>\n","protected":false},"excerpt":{"rendered":"<p>Notlicht-LED-Treiber mit DALI-Interface und automatischer Testfunktion, F\u00fcr einzelbatterieversorgte Notbeleuchtung, SELV f\u00fcr Ausgangsspannung &lt; 60 V DC, \u201eLow profile\u201c-Geh\u00e4use (21 x 30 mm Querschnitt), 5 Jahre Garantie, Netz- und Notbetrieb, DALI-Schnittstelle f\u00fcr kontrollierte Pr\u00fcfungen und \u00dcberwachung, DALI schaltbar im Netzbetrieb (ein\/aus);<span class=\"excerpt-hellip\"> [\u2026]<\/span><\/p>\n","protected":false},"featured_media":368535,"template":"","meta":[],"product_brand":[],"product_cat":[85190],"product_tag":[],"class_list":{"0":"post-342666","1":"product","2":"type-product","3":"status-publish","4":"has-post-thumbnail","6":"product_cat-notlichtversorgungszentrale","8":"first","9":"instock","10":"taxable","11":"shipping-taxable","12":"product-type-simple"},"_links":{"self":[{"href":"https:\/\/www.arclite-shop.de\/es\/wp-json\/wp\/v2\/product\/342666","targetHints":{"allow":["GET"]}}],"collection":[{"href":"https:\/\/www.arclite-shop.de\/es\/wp-json\/wp\/v2\/product"}],"about":[{"href":"https:\/\/www.arclite-shop.de\/es\/wp-json\/wp\/v2\/types\/product"}],"wp:featuredmedia":[{"embeddable":true,"href":"https:\/\/www.arclite-shop.de\/es\/wp-json\/wp\/v2\/media\/368535"}],"wp:attachment":[{"href":"https:\/\/www.arclite-shop.de\/es\/wp-json\/wp\/v2\/media?parent=342666"}],"wp:term":[{"taxonomy":"product_brand","embeddable":true,"href":"https:\/\/www.arclite-shop.de\/es\/wp-json\/wp\/v2\/product_brand?post=342666"},{"taxonomy":"product_cat","embeddable":true,"href":"https:\/\/www.arclite-shop.de\/es\/wp-json\/wp\/v2\/product_cat?post=342666"},{"taxonomy":"product_tag","embeddable":true,"href":"https:\/\/www.arclite-shop.de\/es\/wp-json\/wp\/v2\/product_tag?post=342666"}],"curies":[{"name":"wp","href":"https:\/\/api.w.org\/{rel}","templated":true}]}}