{"id":342645,"date":"2024-10-31T10:35:03","date_gmt":"2024-10-31T09:35:03","guid":{"rendered":"https:\/\/www.arclite-shop.de\/produkt\/73-28001575\/"},"modified":"2026-04-18T17:03:41","modified_gmt":"2026-04-18T15:03:41","slug":"73-28001575","status":"publish","type":"product","link":"https:\/\/www.arclite-shop.de\/es\/produkt\/73-28001575\/","title":{"rendered":"TRIDONIC 5DPI 14f para todos los sensores de la serie negra 5DP 14f 28001575"},"content":{"rendered":"<p>Montagerahmen f\u00fcr alle Sensoren 5DP 14f zur direkten Befestigung im Leuchtengeh\u00e4use, Shutter zur Verhinderung von Bewegungserkennung in einer Richtung, Gl\u00fchdrahttest nach EN 61347-1 mit 750 \u00b0C bestanden<\/p>\n","protected":false},"excerpt":{"rendered":"<p>Montagerahmen f\u00fcr alle Sensoren 5DP 14f zur direkten Befestigung im Leuchtengeh\u00e4use, Shutter zur Verhinderung von Bewegungserkennung in einer Richtung, Gl\u00fchdrahttest nach EN 61347-1 mit 750 \u00b0C bestanden<\/p>\n","protected":false},"featured_media":368553,"template":"","meta":[],"product_brand":[],"product_cat":[84574],"product_tag":[],"class_list":{"0":"post-342645","1":"product","2":"type-product","3":"status-publish","4":"has-post-thumbnail","6":"product_cat-elektrisches-zubehoer-ersatzteile-fuer-leuchten","8":"first","9":"instock","10":"taxable","11":"shipping-taxable","12":"product-type-simple"},"_links":{"self":[{"href":"https:\/\/www.arclite-shop.de\/es\/wp-json\/wp\/v2\/product\/342645","targetHints":{"allow":["GET"]}}],"collection":[{"href":"https:\/\/www.arclite-shop.de\/es\/wp-json\/wp\/v2\/product"}],"about":[{"href":"https:\/\/www.arclite-shop.de\/es\/wp-json\/wp\/v2\/types\/product"}],"wp:featuredmedia":[{"embeddable":true,"href":"https:\/\/www.arclite-shop.de\/es\/wp-json\/wp\/v2\/media\/368553"}],"wp:attachment":[{"href":"https:\/\/www.arclite-shop.de\/es\/wp-json\/wp\/v2\/media?parent=342645"}],"wp:term":[{"taxonomy":"product_brand","embeddable":true,"href":"https:\/\/www.arclite-shop.de\/es\/wp-json\/wp\/v2\/product_brand?post=342645"},{"taxonomy":"product_cat","embeddable":true,"href":"https:\/\/www.arclite-shop.de\/es\/wp-json\/wp\/v2\/product_cat?post=342645"},{"taxonomy":"product_tag","embeddable":true,"href":"https:\/\/www.arclite-shop.de\/es\/wp-json\/wp\/v2\/product_tag?post=342645"}],"curies":[{"name":"wp","href":"https:\/\/api.w.org\/{rel}","templated":true}]}}