{"id":342581,"date":"2024-10-31T10:34:25","date_gmt":"2024-10-31T09:34:25","guid":{"rendered":"https:\/\/www.arclite-shop.de\/produkt\/73-28001203\/"},"modified":"2026-04-18T17:05:29","modified_gmt":"2026-04-18T15:05:29","slug":"73-28001203","status":"publish","type":"product","link":"https:\/\/www.arclite-shop.de\/es\/produkt\/73-28001203\/","title":{"rendered":"M\u00f3dulo de control TRIDONIC basicDIM ILD 5DPI 14f 28001203"},"content":{"rendered":"<p>Kompakte Abmessungen f\u00fcr den Leuchteneinbau, F\u00fcr bis zu 10 DSI- oder DALI-Betriebsger\u00e4te (max. 5 pro Ausgangskanal), 2 DALI\/DSI Ausgangskan\u00e4le mit einstellbarem negativem Offset von Kanal 2 zu Kanal 1, Umgebungslichtsensor mit Bewegungsmelder, Max. Einbauh\u00f6he 5 m, Tastereingang zum Ein-\/Ausschalten und Dimmen, Mit Fernbedienung steuerbar, Individuelle Anpassung der Parameter \u00fcber basicDIM ILD Programmer oder DSI-SMART Programmer, 5 Jahre Garantie<\/p>\n","protected":false},"excerpt":{"rendered":"<p>Kompakte Abmessungen f\u00fcr den Leuchteneinbau, F\u00fcr bis zu 10 DSI- oder DALI-Betriebsger\u00e4te (max. 5 pro Ausgangskanal), 2 DALI\/DSI Ausgangskan\u00e4le mit einstellbarem negativem Offset von Kanal 2 zu Kanal 1, Umgebungslichtsensor mit Bewegungsmelder, Max. Einbauh\u00f6he 5 m, Tastereingang zum Ein-\/Ausschalten und<span class=\"excerpt-hellip\"> [\u2026]<\/span><\/p>\n","protected":false},"featured_media":368639,"template":"","meta":[],"product_brand":[],"product_cat":[84959],"product_tag":[],"class_list":{"0":"post-342581","1":"product","2":"type-product","3":"status-publish","4":"has-post-thumbnail","6":"product_cat-lichtregelsystemkomponente","8":"first","9":"instock","10":"taxable","11":"shipping-taxable","12":"product-type-simple"},"_links":{"self":[{"href":"https:\/\/www.arclite-shop.de\/es\/wp-json\/wp\/v2\/product\/342581","targetHints":{"allow":["GET"]}}],"collection":[{"href":"https:\/\/www.arclite-shop.de\/es\/wp-json\/wp\/v2\/product"}],"about":[{"href":"https:\/\/www.arclite-shop.de\/es\/wp-json\/wp\/v2\/types\/product"}],"wp:featuredmedia":[{"embeddable":true,"href":"https:\/\/www.arclite-shop.de\/es\/wp-json\/wp\/v2\/media\/368639"}],"wp:attachment":[{"href":"https:\/\/www.arclite-shop.de\/es\/wp-json\/wp\/v2\/media?parent=342581"}],"wp:term":[{"taxonomy":"product_brand","embeddable":true,"href":"https:\/\/www.arclite-shop.de\/es\/wp-json\/wp\/v2\/product_brand?post=342581"},{"taxonomy":"product_cat","embeddable":true,"href":"https:\/\/www.arclite-shop.de\/es\/wp-json\/wp\/v2\/product_cat?post=342581"},{"taxonomy":"product_tag","embeddable":true,"href":"https:\/\/www.arclite-shop.de\/es\/wp-json\/wp\/v2\/product_tag?post=342581"}],"curies":[{"name":"wp","href":"https:\/\/api.w.org\/{rel}","templated":true}]}}