{"id":342576,"date":"2024-10-31T10:34:23","date_gmt":"2024-10-31T09:34:23","guid":{"rendered":"https:\/\/www.arclite-shop.de\/produkt\/73-86458401\/"},"modified":"2026-04-18T17:05:33","modified_gmt":"2026-04-18T15:05:33","slug":"73-86458401","status":"publish","type":"product","link":"https:\/\/www.arclite-shop.de\/es\/produkt\/73-86458401\/","title":{"rendered":"Extensi\u00f3n del repetidor TRIDONIC DALI de la longitud del cable DALI 86458401"},"content":{"rendered":"<p>Zur Verst\u00e4rkung des DALI-Signals, Zur Verl\u00e4ngerung der DALI-Leitungsl\u00e4nge von 300 auf 600 m, Aufbau eines sternf\u00f6migen Netzwerks mit mehreren DALI Repeater m\u00f6glich, Stromversorgung \u00fcber DALI-Leitung, F\u00fcr Schaltschrankeinbau, 5 Jahre Garantie, Wegen der auftretenden Signalverz\u00f6gerung ist die Serienschaltung von mehreren DALI Repeater nicht m\u00f6glich (keine Kaskadierung), Die maximale Anzahl der DALI-Ger\u00e4te erh\u00f6ht sich nicht. In einem DALI-Kreis (Haupt- und Unterkreis) k\u00f6nnen maximal 64 DALI-Adressen konfiguriert werden, Durch die galvanische Trennung zwischen Haupt- und Unterkreis ist f\u00fcr jeden DALI Repeater ein zus\u00e4tzliche DALI Stromversorgung notwendig<\/p>\n","protected":false},"excerpt":{"rendered":"<p>Zur Verst\u00e4rkung des DALI-Signals, Zur Verl\u00e4ngerung der DALI-Leitungsl\u00e4nge von 300 auf 600 m, Aufbau eines sternf\u00f6migen Netzwerks mit mehreren DALI Repeater m\u00f6glich, Stromversorgung \u00fcber DALI-Leitung, F\u00fcr Schaltschrankeinbau, 5 Jahre Garantie, Wegen der auftretenden Signalverz\u00f6gerung ist die Serienschaltung von mehreren DALI<span class=\"excerpt-hellip\"> [\u2026]<\/span><\/p>\n","protected":false},"featured_media":368643,"template":"","meta":[],"product_brand":[],"product_cat":[84959],"product_tag":[],"class_list":{"0":"post-342576","1":"product","2":"type-product","3":"status-publish","4":"has-post-thumbnail","6":"product_cat-lichtregelsystemkomponente","8":"first","9":"outofstock","10":"taxable","11":"shipping-taxable","12":"product-type-simple"},"_links":{"self":[{"href":"https:\/\/www.arclite-shop.de\/es\/wp-json\/wp\/v2\/product\/342576","targetHints":{"allow":["GET"]}}],"collection":[{"href":"https:\/\/www.arclite-shop.de\/es\/wp-json\/wp\/v2\/product"}],"about":[{"href":"https:\/\/www.arclite-shop.de\/es\/wp-json\/wp\/v2\/types\/product"}],"wp:featuredmedia":[{"embeddable":true,"href":"https:\/\/www.arclite-shop.de\/es\/wp-json\/wp\/v2\/media\/368643"}],"wp:attachment":[{"href":"https:\/\/www.arclite-shop.de\/es\/wp-json\/wp\/v2\/media?parent=342576"}],"wp:term":[{"taxonomy":"product_brand","embeddable":true,"href":"https:\/\/www.arclite-shop.de\/es\/wp-json\/wp\/v2\/product_brand?post=342576"},{"taxonomy":"product_cat","embeddable":true,"href":"https:\/\/www.arclite-shop.de\/es\/wp-json\/wp\/v2\/product_cat?post=342576"},{"taxonomy":"product_tag","embeddable":true,"href":"https:\/\/www.arclite-shop.de\/es\/wp-json\/wp\/v2\/product_tag?post=342576"}],"curies":[{"name":"wp","href":"https:\/\/api.w.org\/{rel}","templated":true}]}}