{"id":342553,"date":"2024-10-31T10:34:09","date_gmt":"2024-10-31T09:34:09","guid":{"rendered":"https:\/\/www.arclite-shop.de\/produkt\/73-89800555\/"},"modified":"2026-04-18T17:07:37","modified_gmt":"2026-04-18T15:07:37","slug":"73-89800555","status":"publish","type":"product","link":"https:\/\/www.arclite-shop.de\/es\/produkt\/73-89800555\/","title":{"rendered":"Paquete de bater\u00edas TRIDONIC PACK-LiFePO4  5Ah R2A 89800555"},"content":{"rendered":"<p>Lithium-Eisenphosphat-Ersatz-Akkupack f\u00fcr den Einsatz mit EM ready2apply-Notlichtger\u00e4ten, 8 Jahre erwartete Lebensdauer (bei bis zu 30 \u00b0C Umgebungstemperatur), 3 Jahre Garantie ab Lieferdatum, Gepr\u00fcfter Qualit\u00e4tshersteller, Geh\u00e4usematerial aus Polycarbonat, Ladeeffizienz &gt; 90 %, Niedrige Selbstentladung, Kompakter Anschluss f\u00fcr polarit\u00e4tssichere Akkuverbindung, Schutz- und \u00dcberwachungsschaltkreis in Geh\u00e4use eingebaut, Akku gegen Betrieb bei \u00fcberm\u00e4\u00dfigen Temperaturen gesch\u00fctzt, Tiefentladeschutz, Geeignet f\u00fcr Notlichtbetriebsger\u00e4te gem\u00e4\u00df Norm IEC 60598-2-22<\/p>\n","protected":false},"excerpt":{"rendered":"<p>Lithium-Eisenphosphat-Ersatz-Akkupack f\u00fcr den Einsatz mit EM ready2apply-Notlichtger\u00e4ten, 8 Jahre erwartete Lebensdauer (bei bis zu 30 \u00b0C Umgebungstemperatur), 3 Jahre Garantie ab Lieferdatum, Gepr\u00fcfter Qualit\u00e4tshersteller, Geh\u00e4usematerial aus Polycarbonat, Ladeeffizienz &gt; 90 %, Niedrige Selbstentladung, Kompakter Anschluss f\u00fcr polarit\u00e4tssichere Akkuverbindung, Schutz- und<span class=\"excerpt-hellip\"> [\u2026]<\/span><\/p>\n","protected":false},"featured_media":368659,"template":"","meta":[],"product_brand":[],"product_cat":[85125],"product_tag":[],"class_list":{"0":"post-342553","1":"product","2":"type-product","3":"status-publish","4":"has-post-thumbnail","6":"product_cat-akku","8":"first","9":"instock","10":"taxable","11":"shipping-taxable","12":"product-type-simple"},"_links":{"self":[{"href":"https:\/\/www.arclite-shop.de\/es\/wp-json\/wp\/v2\/product\/342553","targetHints":{"allow":["GET"]}}],"collection":[{"href":"https:\/\/www.arclite-shop.de\/es\/wp-json\/wp\/v2\/product"}],"about":[{"href":"https:\/\/www.arclite-shop.de\/es\/wp-json\/wp\/v2\/types\/product"}],"wp:featuredmedia":[{"embeddable":true,"href":"https:\/\/www.arclite-shop.de\/es\/wp-json\/wp\/v2\/media\/368659"}],"wp:attachment":[{"href":"https:\/\/www.arclite-shop.de\/es\/wp-json\/wp\/v2\/media?parent=342553"}],"wp:term":[{"taxonomy":"product_brand","embeddable":true,"href":"https:\/\/www.arclite-shop.de\/es\/wp-json\/wp\/v2\/product_brand?post=342553"},{"taxonomy":"product_cat","embeddable":true,"href":"https:\/\/www.arclite-shop.de\/es\/wp-json\/wp\/v2\/product_cat?post=342553"},{"taxonomy":"product_tag","embeddable":true,"href":"https:\/\/www.arclite-shop.de\/es\/wp-json\/wp\/v2\/product_tag?post=342553"}],"curies":[{"name":"wp","href":"https:\/\/api.w.org\/{rel}","templated":true}]}}