{"id":342454,"date":"2024-10-31T10:33:13","date_gmt":"2024-10-31T09:33:13","guid":{"rendered":"https:\/\/www.arclite-shop.de\/produkt\/73-28002853\/"},"modified":"2026-04-18T17:11:59","modified_gmt":"2026-04-18T15:11:59","slug":"73-28002853","status":"publish","type":"product","link":"https:\/\/www.arclite-shop.de\/es\/produkt\/73-28002853\/","title":{"rendered":"TRIDONIC LED Driver de voltaje constante LC 60\/24V lp SNC UNV 28002853"},"content":{"rendered":"<p>Konstantspannungs-LED-Treiber, Universaler Eingangsspannungsbereich, Class 2, Type HL, UL Listed Class P, FCC Part 15, Max. Ausgangsleistung 60 W, Nominale Lebensdauer bis zu 50.000 h (bei ta 45 \u00b0C), 5 Jahre Garantie, Geh\u00e4use: Metall, wei\u00df, Trockene und feuchte Umgebung, \u00dcbertemperaturschutz, \u00dcberlastschutz, Kurzschlussschutz, Leerlaufschutz<\/p>\n","protected":false},"excerpt":{"rendered":"<p>Konstantspannungs-LED-Treiber, Universaler Eingangsspannungsbereich, Class 2, Type HL, UL Listed Class P, FCC Part 15, Max. Ausgangsleistung 60 W, Nominale Lebensdauer bis zu 50.000 h (bei ta 45 \u00b0C), 5 Jahre Garantie, Geh\u00e4use: Metall, wei\u00df, Trockene und feuchte Umgebung, \u00dcbertemperaturschutz, \u00dcberlastschutz,<span class=\"excerpt-hellip\"> [\u2026]<\/span><\/p>\n","protected":false},"featured_media":368789,"template":"","meta":[],"product_brand":[],"product_cat":[84631],"product_tag":[],"class_list":{"0":"post-342454","1":"product","2":"type-product","3":"status-publish","4":"has-post-thumbnail","6":"product_cat-led-betriebsgeraet","8":"first","9":"instock","10":"taxable","11":"shipping-taxable","12":"product-type-simple"},"_links":{"self":[{"href":"https:\/\/www.arclite-shop.de\/es\/wp-json\/wp\/v2\/product\/342454","targetHints":{"allow":["GET"]}}],"collection":[{"href":"https:\/\/www.arclite-shop.de\/es\/wp-json\/wp\/v2\/product"}],"about":[{"href":"https:\/\/www.arclite-shop.de\/es\/wp-json\/wp\/v2\/types\/product"}],"wp:featuredmedia":[{"embeddable":true,"href":"https:\/\/www.arclite-shop.de\/es\/wp-json\/wp\/v2\/media\/368789"}],"wp:attachment":[{"href":"https:\/\/www.arclite-shop.de\/es\/wp-json\/wp\/v2\/media?parent=342454"}],"wp:term":[{"taxonomy":"product_brand","embeddable":true,"href":"https:\/\/www.arclite-shop.de\/es\/wp-json\/wp\/v2\/product_brand?post=342454"},{"taxonomy":"product_cat","embeddable":true,"href":"https:\/\/www.arclite-shop.de\/es\/wp-json\/wp\/v2\/product_cat?post=342454"},{"taxonomy":"product_tag","embeddable":true,"href":"https:\/\/www.arclite-shop.de\/es\/wp-json\/wp\/v2\/product_tag?post=342454"}],"curies":[{"name":"wp","href":"https:\/\/api.w.org\/{rel}","templated":true}]}}