{"id":342407,"date":"2024-10-31T10:32:46","date_gmt":"2024-10-31T09:32:46","guid":{"rendered":"https:\/\/www.arclite-shop.de\/produkt\/73-28002498\/"},"modified":"2026-04-18T17:13:26","modified_gmt":"2026-04-18T15:13:26","slug":"73-28002498","status":"publish","type":"product","link":"https:\/\/www.arclite-shop.de\/es\/produkt\/73-28002498\/","title":{"rendered":"TRIDONIC LED Driver de corriente constante LC 60W 1050\/1200\/1400mA flexC SR ADV 28002498"},"content":{"rendered":"<p>Unabh\u00e4ngiger Fixed-Output-LED-Treiber, F\u00fcr Leuchten der Schutzklasse I und der Schutzklasse II, F\u00fcr Leuchten mit M und MM gem\u00e4\u00df EN 60598, VDE 0710 und VDE 0711, Temperaturschutz gem\u00e4\u00df EN 61347-2-13 C5e, Ausgangsstrom einstellbar zwischen 1.050, 1.200 und 1.400 mA, Max. Ausgangsleistung 60 W, Bis zu 90, 5 % Effizienz, Nominale Lebensdauer bis zu 50.000 h, 5 Jahre Garantie, Geh\u00e4use: Polycarbonat, wei\u00df, Schutzart IP20, Eingangsklemmen: 0\u00b0 Schraubklemmen, Ausgangsklemmen: 45\u00b0 Steckklemmen, \u00dcberlastschutz, Kurzschlussschutz, Leerlaufschutz, \u00dcbertemperaturschutz, Schutz gegen Burst-Spannungen 1 kV, Schutz gegen Burst-Spannungen 1 kV (zwischen L und N), Schutz gegen Surge-Spannungen 2 kV (zwischen L\/N und Erde), F\u00fcr Spotlight und Downlight bei Handels- und Gastronomie-Anwendungen, F\u00fcr Panel- und Fl\u00e4chenbeleuchtung bei B\u00fcro- und Bildungs-Anwendungen<\/p>\n","protected":false},"excerpt":{"rendered":"<p>Unabh\u00e4ngiger Fixed-Output-LED-Treiber, F\u00fcr Leuchten der Schutzklasse I und der Schutzklasse II, F\u00fcr Leuchten mit M und MM gem\u00e4\u00df EN 60598, VDE 0710 und VDE 0711, Temperaturschutz gem\u00e4\u00df EN 61347-2-13 C5e, Ausgangsstrom einstellbar zwischen 1.050, 1.200 und 1.400 mA, Max. Ausgangsleistung<span class=\"excerpt-hellip\"> [\u2026]<\/span><\/p>\n","protected":false},"featured_media":368867,"template":"","meta":[],"product_brand":[],"product_cat":[84631],"product_tag":[],"class_list":{"0":"post-342407","1":"product","2":"type-product","3":"status-publish","4":"has-post-thumbnail","6":"product_cat-led-betriebsgeraet","8":"first","9":"instock","10":"taxable","11":"shipping-taxable","12":"product-type-simple"},"_links":{"self":[{"href":"https:\/\/www.arclite-shop.de\/es\/wp-json\/wp\/v2\/product\/342407","targetHints":{"allow":["GET"]}}],"collection":[{"href":"https:\/\/www.arclite-shop.de\/es\/wp-json\/wp\/v2\/product"}],"about":[{"href":"https:\/\/www.arclite-shop.de\/es\/wp-json\/wp\/v2\/types\/product"}],"wp:featuredmedia":[{"embeddable":true,"href":"https:\/\/www.arclite-shop.de\/es\/wp-json\/wp\/v2\/media\/368867"}],"wp:attachment":[{"href":"https:\/\/www.arclite-shop.de\/es\/wp-json\/wp\/v2\/media?parent=342407"}],"wp:term":[{"taxonomy":"product_brand","embeddable":true,"href":"https:\/\/www.arclite-shop.de\/es\/wp-json\/wp\/v2\/product_brand?post=342407"},{"taxonomy":"product_cat","embeddable":true,"href":"https:\/\/www.arclite-shop.de\/es\/wp-json\/wp\/v2\/product_cat?post=342407"},{"taxonomy":"product_tag","embeddable":true,"href":"https:\/\/www.arclite-shop.de\/es\/wp-json\/wp\/v2\/product_tag?post=342407"}],"curies":[{"name":"wp","href":"https:\/\/api.w.org\/{rel}","templated":true}]}}