{"id":342399,"date":"2024-10-31T10:32:41","date_gmt":"2024-10-31T09:32:41","guid":{"rendered":"https:\/\/www.arclite-shop.de\/produkt\/73-28002491\/"},"modified":"2026-04-18T17:13:45","modified_gmt":"2026-04-18T15:13:45","slug":"73-28002491","status":"publish","type":"product","link":"https:\/\/www.arclite-shop.de\/es\/produkt\/73-28002491\/","title":{"rendered":"LC de corriente constante del driver LED TRIDONIC  W 700mA fixC C ADV 28002491"},"content":{"rendered":"<p>Fixed-Output-LED-Treiber f\u00fcr den Leuchteneinbau, Konstantstrom-LED-Treiber, F\u00fcr Leuchten der Schutzklasse I und der Schutzklasse II, Temperaturschutz gem\u00e4\u00df EN 61347-2-13 C5e, Ausgangsstrom 600, 700, 800 oder 900 mA, Max. Ausgangsleistung 26, 5, 31, 36 oder 40, 5 W, Nominale Lebensdauer bis zu 50.000 h, 5 Jahre Garantie, Geh\u00e4use: Polycarbonat, wei\u00df, Schutzart IP20, \u00dcbertemperaturschutz, \u00dcberlastschutz, Kurzschlussschutz, Leerlaufschutz, Schutz gegen Burst-Spannungen 1 kV, Schutz gegen Surge-Spannungen 1 kV (zwischen L und N), Schutz gegen Surge-Spannungen 2 kV (zwischen L\/N und Erde)<\/p>\n","protected":false},"excerpt":{"rendered":"<p>Fixed-Output-LED-Treiber f\u00fcr den Leuchteneinbau, Konstantstrom-LED-Treiber, F\u00fcr Leuchten der Schutzklasse I und der Schutzklasse II, Temperaturschutz gem\u00e4\u00df EN 61347-2-13 C5e, Ausgangsstrom 600, 700, 800 oder 900 mA, Max. Ausgangsleistung 26, 5, 31, 36 oder 40, 5 W, Nominale Lebensdauer bis zu<span class=\"excerpt-hellip\"> [\u2026]<\/span><\/p>\n","protected":false},"featured_media":368875,"template":"","meta":[],"product_brand":[],"product_cat":[84631],"product_tag":[],"class_list":{"0":"post-342399","1":"product","2":"type-product","3":"status-publish","4":"has-post-thumbnail","6":"product_cat-led-betriebsgeraet","8":"first","9":"instock","10":"taxable","11":"shipping-taxable","12":"product-type-simple"},"_links":{"self":[{"href":"https:\/\/www.arclite-shop.de\/es\/wp-json\/wp\/v2\/product\/342399","targetHints":{"allow":["GET"]}}],"collection":[{"href":"https:\/\/www.arclite-shop.de\/es\/wp-json\/wp\/v2\/product"}],"about":[{"href":"https:\/\/www.arclite-shop.de\/es\/wp-json\/wp\/v2\/types\/product"}],"wp:featuredmedia":[{"embeddable":true,"href":"https:\/\/www.arclite-shop.de\/es\/wp-json\/wp\/v2\/media\/368875"}],"wp:attachment":[{"href":"https:\/\/www.arclite-shop.de\/es\/wp-json\/wp\/v2\/media?parent=342399"}],"wp:term":[{"taxonomy":"product_brand","embeddable":true,"href":"https:\/\/www.arclite-shop.de\/es\/wp-json\/wp\/v2\/product_brand?post=342399"},{"taxonomy":"product_cat","embeddable":true,"href":"https:\/\/www.arclite-shop.de\/es\/wp-json\/wp\/v2\/product_cat?post=342399"},{"taxonomy":"product_tag","embeddable":true,"href":"https:\/\/www.arclite-shop.de\/es\/wp-json\/wp\/v2\/product_tag?post=342399"}],"curies":[{"name":"wp","href":"https:\/\/api.w.org\/{rel}","templated":true}]}}