{"id":342383,"date":"2024-10-31T10:32:32","date_gmt":"2024-10-31T09:32:32","guid":{"rendered":"https:\/\/www.arclite-shop.de\/produkt\/73-28002472\/"},"modified":"2026-04-18T17:14:06","modified_gmt":"2026-04-18T15:14:06","slug":"73-28002472","status":"publish","type":"product","link":"https:\/\/www.arclite-shop.de\/es\/produkt\/73-28002472\/","title":{"rendered":"TRIDONIC LED Driver de corriente constante LC 19W 250-350mA flexC LP ADV 28002472"},"content":{"rendered":"<p>Konstantstrom-LED-Treiber f\u00fcr den Leuchteneinbau, F\u00fcr Leuchten der Schutzklasse I und der Schutzklasse II, Temperaturschutz gem\u00e4\u00df EN 61347-2-13 C5e, Ausgangsstrom einstellbar zwischen 250 \u2013 350 mA, Max. Ausgangsleistung 19 W, Bis zu 84 % Effizienz, Nominale Lebensdauer bis zu 100.000 h, 5 Jahre Garantie, \u201eLow profile\u201c-Metallgeh\u00e4use mit wei\u00dfem Oberteil, Schutzart IP20, Klemmen: 45\u00b0 Steckklemmen, \u00dcberlastschutz, Kurzschlussschutz, Leerlaufschutz, \u00dcbertemperaturschutz, Schutz gegen Burst-Spannungen 1 kV, Schutz gegen Surge-Spannungen 1 kV (zwischen L und N), Schutz gegen Surge-Spannungen 2 kV (zwischen L\/N und Erde), F\u00fcr Linear- und Fl\u00e4chenbeleuchtung in B\u00fcroanwendungen<\/p>\n","protected":false},"excerpt":{"rendered":"<p>Konstantstrom-LED-Treiber f\u00fcr den Leuchteneinbau, F\u00fcr Leuchten der Schutzklasse I und der Schutzklasse II, Temperaturschutz gem\u00e4\u00df EN 61347-2-13 C5e, Ausgangsstrom einstellbar zwischen 250 \u2013 350 mA, Max. Ausgangsleistung 19 W, Bis zu 84 % Effizienz, Nominale Lebensdauer bis zu 100.000 h,<span class=\"excerpt-hellip\"> [\u2026]<\/span><\/p>\n","protected":false},"featured_media":368899,"template":"","meta":[],"product_brand":[],"product_cat":[84631],"product_tag":[],"class_list":{"0":"post-342383","1":"product","2":"type-product","3":"status-publish","4":"has-post-thumbnail","6":"product_cat-led-betriebsgeraet","8":"first","9":"instock","10":"taxable","11":"shipping-taxable","12":"product-type-simple"},"_links":{"self":[{"href":"https:\/\/www.arclite-shop.de\/es\/wp-json\/wp\/v2\/product\/342383","targetHints":{"allow":["GET"]}}],"collection":[{"href":"https:\/\/www.arclite-shop.de\/es\/wp-json\/wp\/v2\/product"}],"about":[{"href":"https:\/\/www.arclite-shop.de\/es\/wp-json\/wp\/v2\/types\/product"}],"wp:featuredmedia":[{"embeddable":true,"href":"https:\/\/www.arclite-shop.de\/es\/wp-json\/wp\/v2\/media\/368899"}],"wp:attachment":[{"href":"https:\/\/www.arclite-shop.de\/es\/wp-json\/wp\/v2\/media?parent=342383"}],"wp:term":[{"taxonomy":"product_brand","embeddable":true,"href":"https:\/\/www.arclite-shop.de\/es\/wp-json\/wp\/v2\/product_brand?post=342383"},{"taxonomy":"product_cat","embeddable":true,"href":"https:\/\/www.arclite-shop.de\/es\/wp-json\/wp\/v2\/product_cat?post=342383"},{"taxonomy":"product_tag","embeddable":true,"href":"https:\/\/www.arclite-shop.de\/es\/wp-json\/wp\/v2\/product_tag?post=342383"}],"curies":[{"name":"wp","href":"https:\/\/api.w.org\/{rel}","templated":true}]}}