{"id":342193,"date":"2024-10-31T10:30:43","date_gmt":"2024-10-31T09:30:43","guid":{"rendered":"https:\/\/www.arclite-shop.de\/produkt\/73-28002202\/"},"modified":"2026-04-18T17:19:31","modified_gmt":"2026-04-18T15:19:31","slug":"73-28002202","status":"publish","type":"product","link":"https:\/\/www.arclite-shop.de\/es\/produkt\/73-28002202\/","title":{"rendered":"TRIDONIC LED Driver de corriente constante LCA 38W 350-1050mA DT8 SR PRE 28002202"},"content":{"rendered":"<p>Unabh\u00e4ngiger dimmbarer Zweikanal DALI DT8 Konstantstrom-LED-Treiber, Dimmbereich von 1 \u2013 100 %, Geeignet f\u00fcr Leuchten der Schutzklasse I und der Schutzklasse II (Details siehe Datenblatt Kapitel 3.4), Ausgangsstrom einstellbar zwischen 350 \u2013 1.050 mA mit I-SELECT 2 Plugs oder DALI, Max. Ausgangsleistung 38 W, Bis zu 87 % Effizienz, Leistungsaufnahme im Stand-by &lt; 0, 25 W, Nominale Lebensdauer bis zu 100.000 h, 5 Jahre Garantie, Geh\u00e4use: Polycarbonat, schwarz, Schutzart IP20, Zugentlastung mit der M\u00f6glichkeit der Durchgangsverdrahtung, one4all (DALI DT8, DSI, switchDIM, corridorFUNCTION V2), colourSWITCH, Klemmen: 45\u00b0 \/ 0\u00b0 Steckklemmen, Einstellbarer Ausgangsstrom in 1-mA-Schritten (DALI, I-SELECT 2), Constant Light Output Funktion (CLO), colourSWITCH mit vordefinierten Farbwerten, switchDIM und colourSWITCH mit Memory-Funktion, Power-up Fading und fade2zero, Konfigurieren \u00fcber DALI, Schutzfunktionen (\u00dcbertemperatur, Kurzschluss, \u00dcberlast, Leerlauf, reduzierte Sto\u00dfstromverst\u00e4rkung), Geeignet f\u00fcr Sicherheitsbeleuchtungsanlagen gem\u00e4\u00df EN 50172, Anwendungsorientiertes Betriebsfenster f\u00fcr max. Kompatibilit\u00e4t, Hohe Energieeinsparungen durch geringe Stand-by-Verluste, F\u00fcr Spotlight und Downlight bei Handels- und Gastronomie-Anwendungen, Tunable-White Anwendungen<\/p>\n","protected":false},"excerpt":{"rendered":"<p>Unabh\u00e4ngiger dimmbarer Zweikanal DALI DT8 Konstantstrom-LED-Treiber, Dimmbereich von 1 \u2013 100 %, Geeignet f\u00fcr Leuchten der Schutzklasse I und der Schutzklasse II (Details siehe Datenblatt Kapitel 3.4), Ausgangsstrom einstellbar zwischen 350 \u2013 1.050 mA mit I-SELECT 2 Plugs oder DALI,<span class=\"excerpt-hellip\"> [\u2026]<\/span><\/p>\n","protected":false},"featured_media":369131,"template":"","meta":[],"product_brand":[],"product_cat":[84631],"product_tag":[],"class_list":{"0":"post-342193","1":"product","2":"type-product","3":"status-publish","4":"has-post-thumbnail","6":"product_cat-led-betriebsgeraet","8":"first","9":"instock","10":"taxable","11":"shipping-taxable","12":"product-type-simple"},"_links":{"self":[{"href":"https:\/\/www.arclite-shop.de\/es\/wp-json\/wp\/v2\/product\/342193","targetHints":{"allow":["GET"]}}],"collection":[{"href":"https:\/\/www.arclite-shop.de\/es\/wp-json\/wp\/v2\/product"}],"about":[{"href":"https:\/\/www.arclite-shop.de\/es\/wp-json\/wp\/v2\/types\/product"}],"wp:featuredmedia":[{"embeddable":true,"href":"https:\/\/www.arclite-shop.de\/es\/wp-json\/wp\/v2\/media\/369131"}],"wp:attachment":[{"href":"https:\/\/www.arclite-shop.de\/es\/wp-json\/wp\/v2\/media?parent=342193"}],"wp:term":[{"taxonomy":"product_brand","embeddable":true,"href":"https:\/\/www.arclite-shop.de\/es\/wp-json\/wp\/v2\/product_brand?post=342193"},{"taxonomy":"product_cat","embeddable":true,"href":"https:\/\/www.arclite-shop.de\/es\/wp-json\/wp\/v2\/product_cat?post=342193"},{"taxonomy":"product_tag","embeddable":true,"href":"https:\/\/www.arclite-shop.de\/es\/wp-json\/wp\/v2\/product_tag?post=342193"}],"curies":[{"name":"wp","href":"https:\/\/api.w.org\/{rel}","templated":true}]}}