{"id":342169,"date":"2024-10-31T10:30:29","date_gmt":"2024-10-31T09:30:29","guid":{"rendered":"https:\/\/www.arclite-shop.de\/produkt\/73-87500560\/"},"modified":"2026-04-22T12:10:29","modified_gmt":"2026-04-22T10:10:29","slug":"73-87500560","status":"publish","type":"product","link":"https:\/\/www.arclite-shop.de\/es\/produkt\/73-87500560\/","title":{"rendered":"TRIDONIC LED Driver de corriente constante LC 40W 900mA fixC C SNC 87500560"},"content":{"rendered":"<p>Fixed-Output-LED-Treiber f\u00fcr den Leuchteneinbau, Konstantstrom-LED-Treiber, Ausgangsstrom 900 mA, Max. Ausgangsleistung 40 W, Nominale Lebensdauer bis zu 50.000 h, F\u00fcr Leuchten der Schutzklasse I und der Schutzklasse II, Temperaturschutz gem\u00e4\u00df EN 61347-2-13 C5e, 5 Jahre Garantie, Geh\u00e4use: Polycarbonat, wei\u00df, Schutzart IP20, \u00dcbertemperaturschutz, \u00dcberlastschutz, Kurzschlussschutz, Leerlaufschutz<\/p>\n","protected":false},"excerpt":{"rendered":"<p>Fixed-Output-LED-Treiber f\u00fcr den Leuchteneinbau, Konstantstrom-LED-Treiber, Ausgangsstrom 900 mA, Max. Ausgangsleistung 40 W, Nominale Lebensdauer bis zu 50.000 h, F\u00fcr Leuchten der Schutzklasse I und der Schutzklasse II, Temperaturschutz gem\u00e4\u00df EN 61347-2-13 C5e, 5 Jahre Garantie, Geh\u00e4use: Polycarbonat, wei\u00df, Schutzart IP20,<span class=\"excerpt-hellip\"> [\u2026]<\/span><\/p>\n","protected":false},"featured_media":369161,"template":"","meta":[],"product_brand":[],"product_cat":[84631],"product_tag":[],"class_list":{"0":"post-342169","1":"product","2":"type-product","3":"status-publish","4":"has-post-thumbnail","6":"product_cat-led-betriebsgeraet","8":"first","9":"instock","10":"taxable","11":"shipping-taxable","12":"product-type-simple"},"_links":{"self":[{"href":"https:\/\/www.arclite-shop.de\/es\/wp-json\/wp\/v2\/product\/342169","targetHints":{"allow":["GET"]}}],"collection":[{"href":"https:\/\/www.arclite-shop.de\/es\/wp-json\/wp\/v2\/product"}],"about":[{"href":"https:\/\/www.arclite-shop.de\/es\/wp-json\/wp\/v2\/types\/product"}],"wp:featuredmedia":[{"embeddable":true,"href":"https:\/\/www.arclite-shop.de\/es\/wp-json\/wp\/v2\/media\/369161"}],"wp:attachment":[{"href":"https:\/\/www.arclite-shop.de\/es\/wp-json\/wp\/v2\/media?parent=342169"}],"wp:term":[{"taxonomy":"product_brand","embeddable":true,"href":"https:\/\/www.arclite-shop.de\/es\/wp-json\/wp\/v2\/product_brand?post=342169"},{"taxonomy":"product_cat","embeddable":true,"href":"https:\/\/www.arclite-shop.de\/es\/wp-json\/wp\/v2\/product_cat?post=342169"},{"taxonomy":"product_tag","embeddable":true,"href":"https:\/\/www.arclite-shop.de\/es\/wp-json\/wp\/v2\/product_tag?post=342169"}],"curies":[{"name":"wp","href":"https:\/\/api.w.org\/{rel}","templated":true}]}}