{"id":342166,"date":"2024-10-31T10:30:27","date_gmt":"2024-10-31T09:30:27","guid":{"rendered":"https:\/\/www.arclite-shop.de\/produkt\/73-87500554\/"},"modified":"2026-04-18T17:20:18","modified_gmt":"2026-04-18T15:20:18","slug":"73-87500554","status":"publish","type":"product","link":"https:\/\/www.arclite-shop.de\/es\/produkt\/73-87500554\/","title":{"rendered":"LC de corriente constante del driver LED TRIDONIC  W 700mA fixC SR SNC 87500554"},"content":{"rendered":"<p>Unabh\u00e4ngiger Fixed-Output-LED-Treiber, Konstantstrom-LED-Treiber, F\u00fcr Leuchten der Schutzklasse I und der Schutzklasse II, Temperaturschutz gem\u00e4\u00df EN 61347-2-13 C5e, Ausgangsstrom 1.200, 700 oder 1.400 mA, Max. Ausgangsleistung 50 oder 60 W, Nominale Lebensdauer bis zu 50.000 h, 5 Jahre Garantie, Geh\u00e4use: Polycarbonat, wei\u00df, Schutzart IP20, \u00dcbertemperaturschutz, \u00dcberlastschutz, Kurzschlussschutz, Leerlaufschutz<\/p>\n","protected":false},"excerpt":{"rendered":"<p>Unabh\u00e4ngiger Fixed-Output-LED-Treiber, Konstantstrom-LED-Treiber, F\u00fcr Leuchten der Schutzklasse I und der Schutzklasse II, Temperaturschutz gem\u00e4\u00df EN 61347-2-13 C5e, Ausgangsstrom 1.200, 700 oder 1.400 mA, Max. Ausgangsleistung 50 oder 60 W, Nominale Lebensdauer bis zu 50.000 h, 5 Jahre Garantie, Geh\u00e4use: Polycarbonat,<span class=\"excerpt-hellip\"> [\u2026]<\/span><\/p>\n","protected":false},"featured_media":369165,"template":"","meta":[],"product_brand":[],"product_cat":[84631],"product_tag":[],"class_list":{"0":"post-342166","1":"product","2":"type-product","3":"status-publish","4":"has-post-thumbnail","6":"product_cat-led-betriebsgeraet","8":"first","9":"instock","10":"taxable","11":"shipping-taxable","12":"product-type-simple"},"_links":{"self":[{"href":"https:\/\/www.arclite-shop.de\/es\/wp-json\/wp\/v2\/product\/342166","targetHints":{"allow":["GET"]}}],"collection":[{"href":"https:\/\/www.arclite-shop.de\/es\/wp-json\/wp\/v2\/product"}],"about":[{"href":"https:\/\/www.arclite-shop.de\/es\/wp-json\/wp\/v2\/types\/product"}],"wp:featuredmedia":[{"embeddable":true,"href":"https:\/\/www.arclite-shop.de\/es\/wp-json\/wp\/v2\/media\/369165"}],"wp:attachment":[{"href":"https:\/\/www.arclite-shop.de\/es\/wp-json\/wp\/v2\/media?parent=342166"}],"wp:term":[{"taxonomy":"product_brand","embeddable":true,"href":"https:\/\/www.arclite-shop.de\/es\/wp-json\/wp\/v2\/product_brand?post=342166"},{"taxonomy":"product_cat","embeddable":true,"href":"https:\/\/www.arclite-shop.de\/es\/wp-json\/wp\/v2\/product_cat?post=342166"},{"taxonomy":"product_tag","embeddable":true,"href":"https:\/\/www.arclite-shop.de\/es\/wp-json\/wp\/v2\/product_tag?post=342166"}],"curies":[{"name":"wp","href":"https:\/\/api.w.org\/{rel}","templated":true}]}}