{"id":342118,"date":"2024-10-31T10:30:00","date_gmt":"2024-10-31T09:30:00","guid":{"rendered":"https:\/\/www.arclite-shop.de\/produkt\/73-28000690\/"},"modified":"2026-04-18T17:21:37","modified_gmt":"2026-04-18T15:21:37","slug":"73-28000690","status":"publish","type":"product","link":"https:\/\/www.arclite-shop.de\/es\/produkt\/73-28000690\/","title":{"rendered":"TRIDONIC LED Driver de corriente constante LC 100W 250-700mA flexC LP EXC 28000690"},"content":{"rendered":"<p>Konstantstrom-LED-Treiber f\u00fcr den Leuchteneinbau, F\u00fcr Leuchten der Schutzklasse I und der Schutzklasse II, Ausgangsstrom einstellbar zwischen 250 \u2013 700 mA mit ready2mains Programmer oder I-SELECT 2 Plugs, Max. Ausgangsleistung 100 W, Bis zu 95 % Effizienz, Nominale Lebensdauer bis zu 100.000 h, 5 Jahre Garantie, \u201eLow profile\u201c-Metallgeh\u00e4use mit wei\u00dfem Oberteil, Schutzart IP20, ready2mains (Konfigurieren \u00fcber Netz), Klemmen: 0\u00b0 Steckklemmen, Einstellbarer Ausgangsstrom in 1-mA-Schritten (ready2mains, I-SELECT 2), Schutzfunktionen (\u00dcbertemperatur, Kurzschluss, \u00dcberlast, Leerlauf, Eingangsspannungsbereich), Intelligent Voltage Guard (\u00dcberspannungs- und Unterspannungs\u00fcberwachung), Geeignet f\u00fcr Sicherheitsbeleuchtungsanlagen gem\u00e4\u00df EN 50172, Anwendungsorientiertes Betriebsfenster f\u00fcr max. Kompatibilit\u00e4t, Hohe Energieeinsparungen durch hohe Effizienz, Flexible Konfiguration \u00fcber ready2mains und I-SELECT 2, Lebensdauer bis zu 100.000 h und 5 Jahre Garantie, F\u00fcr Linear- und Fl\u00e4chenbeleuchtung in B\u00fcroanwendungen<\/p>\n","protected":false},"excerpt":{"rendered":"<p>Konstantstrom-LED-Treiber f\u00fcr den Leuchteneinbau, F\u00fcr Leuchten der Schutzklasse I und der Schutzklasse II, Ausgangsstrom einstellbar zwischen 250 \u2013 700 mA mit ready2mains Programmer oder I-SELECT 2 Plugs, Max. Ausgangsleistung 100 W, Bis zu 95 % Effizienz, Nominale Lebensdauer bis zu<span class=\"excerpt-hellip\"> [\u2026]<\/span><\/p>\n","protected":false},"featured_media":369227,"template":"","meta":[],"product_brand":[],"product_cat":[84631],"product_tag":[],"class_list":{"0":"post-342118","1":"product","2":"type-product","3":"status-publish","4":"has-post-thumbnail","6":"product_cat-led-betriebsgeraet","8":"first","9":"outofstock","10":"taxable","11":"shipping-taxable","12":"product-type-simple"},"_links":{"self":[{"href":"https:\/\/www.arclite-shop.de\/es\/wp-json\/wp\/v2\/product\/342118","targetHints":{"allow":["GET"]}}],"collection":[{"href":"https:\/\/www.arclite-shop.de\/es\/wp-json\/wp\/v2\/product"}],"about":[{"href":"https:\/\/www.arclite-shop.de\/es\/wp-json\/wp\/v2\/types\/product"}],"wp:featuredmedia":[{"embeddable":true,"href":"https:\/\/www.arclite-shop.de\/es\/wp-json\/wp\/v2\/media\/369227"}],"wp:attachment":[{"href":"https:\/\/www.arclite-shop.de\/es\/wp-json\/wp\/v2\/media?parent=342118"}],"wp:term":[{"taxonomy":"product_brand","embeddable":true,"href":"https:\/\/www.arclite-shop.de\/es\/wp-json\/wp\/v2\/product_brand?post=342118"},{"taxonomy":"product_cat","embeddable":true,"href":"https:\/\/www.arclite-shop.de\/es\/wp-json\/wp\/v2\/product_cat?post=342118"},{"taxonomy":"product_tag","embeddable":true,"href":"https:\/\/www.arclite-shop.de\/es\/wp-json\/wp\/v2\/product_tag?post=342118"}],"curies":[{"name":"wp","href":"https:\/\/api.w.org\/{rel}","templated":true}]}}