{"id":342101,"date":"2024-10-31T10:29:49","date_gmt":"2024-10-31T09:29:49","guid":{"rendered":"https:\/\/www.arclite-shop.de\/produkt\/73-89800279\/"},"modified":"2026-04-18T17:22:09","modified_gmt":"2026-04-18T15:22:09","slug":"73-89800279","status":"publish","type":"product","link":"https:\/\/www.arclite-shop.de\/es\/produkt\/73-89800279\/","title":{"rendered":"Conductor LED TRIDONIC Corriente Constante LCI 15W  0mA stepDIM lp 89800279"},"content":{"rendered":"<p>Konstantstrom-LED-Treiber f\u00fcr den Leuchteneinbau, Eingebaute stepDIM Funktion, 10 oder 30 % Dimmlevel einstellbar, Ausgang wird analog gedimmt (Stromamplitude), Kann in Kombination mit einem Standard-Bewegungsmelder verwendet werden (Simple CORRIDOR FUNCTION), Schutzart IP20, Steckklemmen, Anschlusskabel, Leitungsquerschnitt 0, 5 \u2013 1, 5 mm\u00b2, SELV, 350, 500 oder 700 mA Ausgangsstrom, Ausgangsleistung 15\/16\/16, 5 W, Nominale Lebensdauer von 50.000 h (bei ta max. und einer Fehlerrate von = 0, 2 % pro 1.000 h), 5 Jahre Garantie, Geh\u00e4use: Polycarbonat, wei\u00df, Kompakte Abmessungen, \u00dcberlastschutz, Kurzschlussschutz, Leerlaufschutz<\/p>\n","protected":false},"excerpt":{"rendered":"<p>Konstantstrom-LED-Treiber f\u00fcr den Leuchteneinbau, Eingebaute stepDIM Funktion, 10 oder 30 % Dimmlevel einstellbar, Ausgang wird analog gedimmt (Stromamplitude), Kann in Kombination mit einem Standard-Bewegungsmelder verwendet werden (Simple CORRIDOR FUNCTION), Schutzart IP20, Steckklemmen, Anschlusskabel, Leitungsquerschnitt 0, 5 \u2013 1, 5 mm\u00b2,<span class=\"excerpt-hellip\"> [\u2026]<\/span><\/p>\n","protected":false},"featured_media":369241,"template":"","meta":[],"product_brand":[],"product_cat":[84631],"product_tag":[],"class_list":{"0":"post-342101","1":"product","2":"type-product","3":"status-publish","4":"has-post-thumbnail","6":"product_cat-led-betriebsgeraet","8":"first","9":"instock","10":"taxable","11":"shipping-taxable","12":"product-type-simple"},"_links":{"self":[{"href":"https:\/\/www.arclite-shop.de\/es\/wp-json\/wp\/v2\/product\/342101","targetHints":{"allow":["GET"]}}],"collection":[{"href":"https:\/\/www.arclite-shop.de\/es\/wp-json\/wp\/v2\/product"}],"about":[{"href":"https:\/\/www.arclite-shop.de\/es\/wp-json\/wp\/v2\/types\/product"}],"wp:featuredmedia":[{"embeddable":true,"href":"https:\/\/www.arclite-shop.de\/es\/wp-json\/wp\/v2\/media\/369241"}],"wp:attachment":[{"href":"https:\/\/www.arclite-shop.de\/es\/wp-json\/wp\/v2\/media?parent=342101"}],"wp:term":[{"taxonomy":"product_brand","embeddable":true,"href":"https:\/\/www.arclite-shop.de\/es\/wp-json\/wp\/v2\/product_brand?post=342101"},{"taxonomy":"product_cat","embeddable":true,"href":"https:\/\/www.arclite-shop.de\/es\/wp-json\/wp\/v2\/product_cat?post=342101"},{"taxonomy":"product_tag","embeddable":true,"href":"https:\/\/www.arclite-shop.de\/es\/wp-json\/wp\/v2\/product_tag?post=342101"}],"curies":[{"name":"wp","href":"https:\/\/api.w.org\/{rel}","templated":true}]}}