{"id":342081,"date":"2024-10-31T10:29:36","date_gmt":"2024-10-31T09:29:36","guid":{"rendered":"https:\/\/www.arclite-shop.de\/produkt\/73-28001990\/"},"modified":"2026-04-18T17:22:51","modified_gmt":"2026-04-18T15:22:51","slug":"73-28001990","status":"publish","type":"product","link":"https:\/\/www.arclite-shop.de\/es\/produkt\/73-28001990\/","title":{"rendered":"Panel t\u00e1ctil TRIDONIC para control de iluminaci\u00f3n PANEL T\u00c1CTIL B\u00c1SICO TW BLANCO AJUSTABLE 28001990"},"content":{"rendered":"<p>Kapazitives Touchpanel, Steuerung von Leuchtengruppen, Aufruf voreingestellter Lichtszenen, Echtglas Display, Multi-Master-f\u00e4hig: Mehrere Steuermodule in einem DALI System, Stromversorgung \u00fcber DALI Leitung, Einfache, individuelle Einstellung, Tunable White Steuerung (Farbkonverter), Doppelklemmen f\u00fcr Durchgangsverdrahtung, 5 Jahre Garantie<\/p>\n","protected":false},"excerpt":{"rendered":"<p>Kapazitives Touchpanel, Steuerung von Leuchtengruppen, Aufruf voreingestellter Lichtszenen, Echtglas Display, Multi-Master-f\u00e4hig: Mehrere Steuermodule in einem DALI System, Stromversorgung \u00fcber DALI Leitung, Einfache, individuelle Einstellung, Tunable White Steuerung (Farbkonverter), Doppelklemmen f\u00fcr Durchgangsverdrahtung, 5 Jahre Garantie<\/p>\n","protected":false},"featured_media":369267,"template":"","meta":[],"product_brand":[],"product_cat":[84938],"product_tag":[],"class_list":{"0":"post-342081","1":"product","2":"type-product","3":"status-publish","4":"has-post-thumbnail","6":"product_cat-steuergeraet-fuer-leuchten","8":"first","9":"instock","10":"taxable","11":"shipping-taxable","12":"product-type-simple"},"_links":{"self":[{"href":"https:\/\/www.arclite-shop.de\/es\/wp-json\/wp\/v2\/product\/342081","targetHints":{"allow":["GET"]}}],"collection":[{"href":"https:\/\/www.arclite-shop.de\/es\/wp-json\/wp\/v2\/product"}],"about":[{"href":"https:\/\/www.arclite-shop.de\/es\/wp-json\/wp\/v2\/types\/product"}],"wp:featuredmedia":[{"embeddable":true,"href":"https:\/\/www.arclite-shop.de\/es\/wp-json\/wp\/v2\/media\/369267"}],"wp:attachment":[{"href":"https:\/\/www.arclite-shop.de\/es\/wp-json\/wp\/v2\/media?parent=342081"}],"wp:term":[{"taxonomy":"product_brand","embeddable":true,"href":"https:\/\/www.arclite-shop.de\/es\/wp-json\/wp\/v2\/product_brand?post=342081"},{"taxonomy":"product_cat","embeddable":true,"href":"https:\/\/www.arclite-shop.de\/es\/wp-json\/wp\/v2\/product_cat?post=342081"},{"taxonomy":"product_tag","embeddable":true,"href":"https:\/\/www.arclite-shop.de\/es\/wp-json\/wp\/v2\/product_tag?post=342081"}],"curies":[{"name":"wp","href":"https:\/\/api.w.org\/{rel}","templated":true}]}}