{"id":342012,"date":"2024-10-31T10:28:50","date_gmt":"2024-10-31T09:28:50","guid":{"rendered":"https:\/\/www.arclite-shop.de\/produkt\/702-aa1100267\/"},"modified":"2026-04-18T17:26:13","modified_gmt":"2026-04-18T15:26:13","slug":"702-aa1100267","status":"publish","type":"product","link":"https:\/\/www.arclite-shop.de\/es\/produkt\/702-aa1100267\/","title":{"rendered":"Soporte con suspensi\u00f3n de cuerda de 6,2 m, negro para lineCENTURY 4000 AA1100267"},"content":{"rendered":"<p>Schnellmontage-Halterung f\u00fcr Deckenmontage MB1 C3 schwarz, 1xF8, 2mm mit 6, 2m Seilabh\u00e4ngung f\u00fcr lineCENTURY 4001<\/p>\n","protected":false},"excerpt":{"rendered":"<p>Schnellmontage-Halterung f\u00fcr Deckenmontage MB1 C3 schwarz, 1xF8, 2mm mit 6, 2m Seilabh\u00e4ngung f\u00fcr lineCENTURY 4001<\/p>\n","protected":false},"featured_media":369351,"template":"","meta":[],"product_brand":[],"product_cat":[84591],"product_tag":[],"class_list":{"0":"post-342012","1":"product","2":"type-product","3":"status-publish","4":"has-post-thumbnail","6":"product_cat-mechanisches-zubehoer-ersatzteile-fuer-leuchten","8":"first","9":"instock","10":"taxable","11":"shipping-taxable","12":"product-type-simple"},"_links":{"self":[{"href":"https:\/\/www.arclite-shop.de\/es\/wp-json\/wp\/v2\/product\/342012","targetHints":{"allow":["GET"]}}],"collection":[{"href":"https:\/\/www.arclite-shop.de\/es\/wp-json\/wp\/v2\/product"}],"about":[{"href":"https:\/\/www.arclite-shop.de\/es\/wp-json\/wp\/v2\/types\/product"}],"wp:featuredmedia":[{"embeddable":true,"href":"https:\/\/www.arclite-shop.de\/es\/wp-json\/wp\/v2\/media\/369351"}],"wp:attachment":[{"href":"https:\/\/www.arclite-shop.de\/es\/wp-json\/wp\/v2\/media?parent=342012"}],"wp:term":[{"taxonomy":"product_brand","embeddable":true,"href":"https:\/\/www.arclite-shop.de\/es\/wp-json\/wp\/v2\/product_brand?post=342012"},{"taxonomy":"product_cat","embeddable":true,"href":"https:\/\/www.arclite-shop.de\/es\/wp-json\/wp\/v2\/product_cat?post=342012"},{"taxonomy":"product_tag","embeddable":true,"href":"https:\/\/www.arclite-shop.de\/es\/wp-json\/wp\/v2\/product_tag?post=342012"}],"curies":[{"name":"wp","href":"https:\/\/api.w.org\/{rel}","templated":true}]}}