{"id":342009,"date":"2024-10-31T10:28:48","date_gmt":"2024-10-31T09:28:48","guid":{"rendered":"https:\/\/www.arclite-shop.de\/produkt\/702-aa1100273\/"},"modified":"2026-04-18T17:27:10","modified_gmt":"2026-04-18T15:27:10","slug":"702-aa1100273","status":"publish","type":"product","link":"https:\/\/www.arclite-shop.de\/es\/produkt\/702-aa1100273\/","title":{"rendered":"Soporte de montaje para altavoces adecuado para Sonos Era 100 | En varios dise\u00f1os, negro para todas las barras colectoras trif\u00e1sicas disponibles comercialmente AA1100273"},"content":{"rendered":"<p>Einfache Steuerung \u00fcber WLAN. Flexibel einsetzbar. Im Lieferumfang erhalten Sie einen Montageb\u00fcgel mit bereits montiertem und verkabeltem Multiadapter f\u00fcr Ihre Stromschiene. Material: Polycarbonat \/ Metall.<\/p>\n","protected":false},"excerpt":{"rendered":"<p>Einfache Steuerung \u00fcber WLAN. Flexibel einsetzbar. Im Lieferumfang erhalten Sie einen Montageb\u00fcgel mit bereits montiertem und verkabeltem Multiadapter f\u00fcr Ihre Stromschiene. Material: Polycarbonat \/ Metall.<\/p>\n","protected":false},"featured_media":369355,"template":"","meta":[],"product_brand":[],"product_cat":[84913],"product_tag":[],"class_list":{"0":"post-342009","1":"product","2":"type-product","3":"status-publish","4":"has-post-thumbnail","6":"product_cat-halterung-fuer-audio-videosysteme","8":"first","9":"instock","10":"taxable","11":"shipping-taxable","12":"product-type-simple"},"_links":{"self":[{"href":"https:\/\/www.arclite-shop.de\/es\/wp-json\/wp\/v2\/product\/342009","targetHints":{"allow":["GET"]}}],"collection":[{"href":"https:\/\/www.arclite-shop.de\/es\/wp-json\/wp\/v2\/product"}],"about":[{"href":"https:\/\/www.arclite-shop.de\/es\/wp-json\/wp\/v2\/types\/product"}],"wp:featuredmedia":[{"embeddable":true,"href":"https:\/\/www.arclite-shop.de\/es\/wp-json\/wp\/v2\/media\/369355"}],"wp:attachment":[{"href":"https:\/\/www.arclite-shop.de\/es\/wp-json\/wp\/v2\/media?parent=342009"}],"wp:term":[{"taxonomy":"product_brand","embeddable":true,"href":"https:\/\/www.arclite-shop.de\/es\/wp-json\/wp\/v2\/product_brand?post=342009"},{"taxonomy":"product_cat","embeddable":true,"href":"https:\/\/www.arclite-shop.de\/es\/wp-json\/wp\/v2\/product_cat?post=342009"},{"taxonomy":"product_tag","embeddable":true,"href":"https:\/\/www.arclite-shop.de\/es\/wp-json\/wp\/v2\/product_tag?post=342009"}],"curies":[{"name":"wp","href":"https:\/\/api.w.org\/{rel}","templated":true}]}}