{"id":342004,"date":"2024-10-31T10:28:45","date_gmt":"2024-10-31T09:28:45","guid":{"rendered":"https:\/\/www.arclite-shop.de\/produkt\/702-aa1100177\/"},"modified":"2026-04-18T17:27:35","modified_gmt":"2026-04-18T15:27:35","slug":"702-aa1100177","status":"publish","type":"product","link":"https:\/\/www.arclite-shop.de\/es\/produkt\/702-aa1100177\/","title":{"rendered":"Toma universal 1 Schuko, negra para todas las barras colectoras est\u00e1ndar trif\u00e1sicas AA1100177"},"content":{"rendered":"<p>Universal einfach Schutzkontaktsteckdose f\u00fcr f\u00fcr 3-Phasen Stromschienen kompatibel mit allen g\u00e4ngigen 3-Phasen Schienen 220-240V, max6A max1300W, IP20, RAL9011 schwarz<\/p>\n","protected":false},"excerpt":{"rendered":"<p>Universal einfach Schutzkontaktsteckdose f\u00fcr f\u00fcr 3-Phasen Stromschienen kompatibel mit allen g\u00e4ngigen 3-Phasen Schienen 220-240V, max6A max1300W, IP20, RAL9011 schwarz<\/p>\n","protected":false},"featured_media":369365,"template":"","meta":[],"product_brand":[],"product_cat":[84574],"product_tag":[],"class_list":{"0":"post-342004","1":"product","2":"type-product","3":"status-publish","4":"has-post-thumbnail","6":"product_cat-elektrisches-zubehoer-ersatzteile-fuer-leuchten","8":"first","9":"instock","10":"taxable","11":"shipping-taxable","12":"product-type-simple"},"_links":{"self":[{"href":"https:\/\/www.arclite-shop.de\/es\/wp-json\/wp\/v2\/product\/342004","targetHints":{"allow":["GET"]}}],"collection":[{"href":"https:\/\/www.arclite-shop.de\/es\/wp-json\/wp\/v2\/product"}],"about":[{"href":"https:\/\/www.arclite-shop.de\/es\/wp-json\/wp\/v2\/types\/product"}],"wp:featuredmedia":[{"embeddable":true,"href":"https:\/\/www.arclite-shop.de\/es\/wp-json\/wp\/v2\/media\/369365"}],"wp:attachment":[{"href":"https:\/\/www.arclite-shop.de\/es\/wp-json\/wp\/v2\/media?parent=342004"}],"wp:term":[{"taxonomy":"product_brand","embeddable":true,"href":"https:\/\/www.arclite-shop.de\/es\/wp-json\/wp\/v2\/product_brand?post=342004"},{"taxonomy":"product_cat","embeddable":true,"href":"https:\/\/www.arclite-shop.de\/es\/wp-json\/wp\/v2\/product_cat?post=342004"},{"taxonomy":"product_tag","embeddable":true,"href":"https:\/\/www.arclite-shop.de\/es\/wp-json\/wp\/v2\/product_tag?post=342004"}],"curies":[{"name":"wp","href":"https:\/\/api.w.org\/{rel}","templated":true}]}}