{"id":342000,"date":"2024-10-31T10:28:42","date_gmt":"2024-10-31T09:28:42","guid":{"rendered":"https:\/\/www.arclite-shop.de\/produkt\/702-aa1100154\/"},"modified":"2026-04-18T17:28:07","modified_gmt":"2026-04-18T15:28:07","slug":"702-aa1100154","status":"publish","type":"product","link":"https:\/\/www.arclite-shop.de\/es\/produkt\/702-aa1100154\/","title":{"rendered":"Soportes con suspensi\u00f3n de cable de 6,2 m para lineCENTURY 4000 AA1100154"},"content":{"rendered":"<p>Schnellmontage-Halterung f\u00fcr Deckenmontage MB1 C3 weiss, 1xF8, 2mm mit 6, 2m Seilabh\u00e4ngung f\u00fcr lineCENTURY 4001<\/p>\n","protected":false},"excerpt":{"rendered":"<p>Schnellmontage-Halterung f\u00fcr Deckenmontage MB1 C3 weiss, 1xF8, 2mm mit 6, 2m Seilabh\u00e4ngung f\u00fcr lineCENTURY 4001<\/p>\n","protected":false},"featured_media":369373,"template":"","meta":[],"product_brand":[],"product_cat":[84591],"product_tag":[],"class_list":{"0":"post-342000","1":"product","2":"type-product","3":"status-publish","4":"has-post-thumbnail","6":"product_cat-mechanisches-zubehoer-ersatzteile-fuer-leuchten","8":"first","9":"instock","10":"taxable","11":"shipping-taxable","12":"product-type-simple"},"_links":{"self":[{"href":"https:\/\/www.arclite-shop.de\/es\/wp-json\/wp\/v2\/product\/342000","targetHints":{"allow":["GET"]}}],"collection":[{"href":"https:\/\/www.arclite-shop.de\/es\/wp-json\/wp\/v2\/product"}],"about":[{"href":"https:\/\/www.arclite-shop.de\/es\/wp-json\/wp\/v2\/types\/product"}],"wp:featuredmedia":[{"embeddable":true,"href":"https:\/\/www.arclite-shop.de\/es\/wp-json\/wp\/v2\/media\/369373"}],"wp:attachment":[{"href":"https:\/\/www.arclite-shop.de\/es\/wp-json\/wp\/v2\/media?parent=342000"}],"wp:term":[{"taxonomy":"product_brand","embeddable":true,"href":"https:\/\/www.arclite-shop.de\/es\/wp-json\/wp\/v2\/product_brand?post=342000"},{"taxonomy":"product_cat","embeddable":true,"href":"https:\/\/www.arclite-shop.de\/es\/wp-json\/wp\/v2\/product_cat?post=342000"},{"taxonomy":"product_tag","embeddable":true,"href":"https:\/\/www.arclite-shop.de\/es\/wp-json\/wp\/v2\/product_tag?post=342000"}],"curies":[{"name":"wp","href":"https:\/\/api.w.org\/{rel}","templated":true}]}}