{"id":341969,"date":"2024-10-31T10:28:21","date_gmt":"2024-10-31T09:28:21","guid":{"rendered":"https:\/\/www.arclite-shop.de\/produkt\/702-aa1100199\/"},"modified":"2026-04-18T17:32:13","modified_gmt":"2026-04-18T15:32:13","slug":"702-aa1100199","status":"publish","type":"product","link":"https:\/\/www.arclite-shop.de\/es\/produkt\/702-aa1100199\/","title":{"rendered":"Conector de uni\u00f3n para EUTRAC para suspensi\u00f3n - blanco AA1100199"},"content":{"rendered":"<p>Sto\u00dfstellenverbinder f\u00fcr EUTRAC f\u00fcr Abh\u00e4ngung durch Seil- oder Pendelaufh\u00e4ngung mit M13x1 Mutter, Material Aluminium pulverbeschichtet &#8211; weiss<\/p>\n","protected":false},"excerpt":{"rendered":"<p>Sto\u00dfstellenverbinder f\u00fcr EUTRAC f\u00fcr Abh\u00e4ngung durch Seil- oder Pendelaufh\u00e4ngung mit M13x1 Mutter, Material Aluminium pulverbeschichtet &#8211; weiss<\/p>\n","protected":false},"featured_media":369417,"template":"","meta":[],"product_brand":[],"product_cat":[84591],"product_tag":[],"class_list":{"0":"post-341969","1":"product","2":"type-product","3":"status-publish","4":"has-post-thumbnail","6":"product_cat-mechanisches-zubehoer-ersatzteile-fuer-leuchten","8":"first","9":"instock","10":"taxable","11":"shipping-taxable","12":"product-type-simple"},"_links":{"self":[{"href":"https:\/\/www.arclite-shop.de\/es\/wp-json\/wp\/v2\/product\/341969","targetHints":{"allow":["GET"]}}],"collection":[{"href":"https:\/\/www.arclite-shop.de\/es\/wp-json\/wp\/v2\/product"}],"about":[{"href":"https:\/\/www.arclite-shop.de\/es\/wp-json\/wp\/v2\/types\/product"}],"wp:featuredmedia":[{"embeddable":true,"href":"https:\/\/www.arclite-shop.de\/es\/wp-json\/wp\/v2\/media\/369417"}],"wp:attachment":[{"href":"https:\/\/www.arclite-shop.de\/es\/wp-json\/wp\/v2\/media?parent=341969"}],"wp:term":[{"taxonomy":"product_brand","embeddable":true,"href":"https:\/\/www.arclite-shop.de\/es\/wp-json\/wp\/v2\/product_brand?post=341969"},{"taxonomy":"product_cat","embeddable":true,"href":"https:\/\/www.arclite-shop.de\/es\/wp-json\/wp\/v2\/product_cat?post=341969"},{"taxonomy":"product_tag","embeddable":true,"href":"https:\/\/www.arclite-shop.de\/es\/wp-json\/wp\/v2\/product_tag?post=341969"}],"curies":[{"name":"wp","href":"https:\/\/api.w.org\/{rel}","templated":true}]}}