{"id":341963,"date":"2024-10-31T10:28:17","date_gmt":"2024-10-31T09:28:17","guid":{"rendered":"https:\/\/www.arclite-shop.de\/produkt\/702-aa1100207\/"},"modified":"2026-04-18T17:32:51","modified_gmt":"2026-04-18T15:32:51","slug":"702-aa1100207","status":"publish","type":"product","link":"https:\/\/www.arclite-shop.de\/es\/produkt\/702-aa1100207\/","title":{"rendered":"Suspensi\u00f3n de cuerda para EUTRAC ONETRAC adecuada para montaje trif\u00e1sico DALI ONETRACK, incluyendo clip de p\u00e9ndulo, cable de acero y fijaci\u00f3n de techo 1500 mm - negro AA1100207 "},"content":{"rendered":"<p>Seilabh\u00e4ngung f\u00fcr DALI ONETRACK, geeignet f\u00fcr 3-Phasen Aufbauschiene, inkl. Pendelclip, Stahlseil und Deckenbefestigung 1500 mm &#8211; schwarz<\/p>\n","protected":false},"excerpt":{"rendered":"<p>Seilabh\u00e4ngung f\u00fcr DALI ONETRACK, geeignet f\u00fcr 3-Phasen Aufbauschiene, inkl. Pendelclip, Stahlseil und Deckenbefestigung 1500 mm &#8211; schwarz<\/p>\n","protected":false},"featured_media":369419,"template":"","meta":[],"product_brand":[],"product_cat":[84591],"product_tag":[],"class_list":{"0":"post-341963","1":"product","2":"type-product","3":"status-publish","4":"has-post-thumbnail","6":"product_cat-mechanisches-zubehoer-ersatzteile-fuer-leuchten","8":"first","9":"instock","10":"taxable","11":"shipping-taxable","12":"product-type-simple"},"_links":{"self":[{"href":"https:\/\/www.arclite-shop.de\/es\/wp-json\/wp\/v2\/product\/341963","targetHints":{"allow":["GET"]}}],"collection":[{"href":"https:\/\/www.arclite-shop.de\/es\/wp-json\/wp\/v2\/product"}],"about":[{"href":"https:\/\/www.arclite-shop.de\/es\/wp-json\/wp\/v2\/types\/product"}],"wp:featuredmedia":[{"embeddable":true,"href":"https:\/\/www.arclite-shop.de\/es\/wp-json\/wp\/v2\/media\/369419"}],"wp:attachment":[{"href":"https:\/\/www.arclite-shop.de\/es\/wp-json\/wp\/v2\/media?parent=341963"}],"wp:term":[{"taxonomy":"product_brand","embeddable":true,"href":"https:\/\/www.arclite-shop.de\/es\/wp-json\/wp\/v2\/product_brand?post=341963"},{"taxonomy":"product_cat","embeddable":true,"href":"https:\/\/www.arclite-shop.de\/es\/wp-json\/wp\/v2\/product_cat?post=341963"},{"taxonomy":"product_tag","embeddable":true,"href":"https:\/\/www.arclite-shop.de\/es\/wp-json\/wp\/v2\/product_tag?post=341963"}],"curies":[{"name":"wp","href":"https:\/\/api.w.org\/{rel}","templated":true}]}}