{"id":341960,"date":"2024-10-31T10:28:15","date_gmt":"2024-10-31T09:28:15","guid":{"rendered":"https:\/\/www.arclite-shop.de\/produkt\/702-aa1100204\/"},"modified":"2026-04-18T17:33:07","modified_gmt":"2026-04-18T15:33:07","slug":"702-aa1100204","status":"publish","type":"product","link":"https:\/\/www.arclite-shop.de\/es\/produkt\/702-aa1100204\/","title":{"rendered":"Suspensi\u00f3n de cuerda para EUTRAC ONETRAC adecuada para ra\u00edl de montaje DALI ONETRACK trif\u00e1sico, incluyendo clip de p\u00e9ndulo, cable de acero y fijaci\u00f3n de techo 1500 mm - plata AA1100204 "},"content":{"rendered":"<p>Seilabh\u00e4ngung f\u00fcr DALI ONETRACK, geeignet f\u00fcr 3-Phasen Aufbauschiene, inkl. Pendelclip, Stahlseil und Deckenbefestigung 1500 mm &#8211; silber<\/p>\n","protected":false},"excerpt":{"rendered":"<p>Seilabh\u00e4ngung f\u00fcr DALI ONETRACK, geeignet f\u00fcr 3-Phasen Aufbauschiene, inkl. Pendelclip, Stahlseil und Deckenbefestigung 1500 mm &#8211; silber<\/p>\n","protected":false},"featured_media":369423,"template":"","meta":[],"product_brand":[],"product_cat":[84591],"product_tag":[],"class_list":{"0":"post-341960","1":"product","2":"type-product","3":"status-publish","4":"has-post-thumbnail","6":"product_cat-mechanisches-zubehoer-ersatzteile-fuer-leuchten","8":"first","9":"instock","10":"taxable","11":"shipping-taxable","12":"product-type-simple"},"_links":{"self":[{"href":"https:\/\/www.arclite-shop.de\/es\/wp-json\/wp\/v2\/product\/341960","targetHints":{"allow":["GET"]}}],"collection":[{"href":"https:\/\/www.arclite-shop.de\/es\/wp-json\/wp\/v2\/product"}],"about":[{"href":"https:\/\/www.arclite-shop.de\/es\/wp-json\/wp\/v2\/types\/product"}],"wp:featuredmedia":[{"embeddable":true,"href":"https:\/\/www.arclite-shop.de\/es\/wp-json\/wp\/v2\/media\/369423"}],"wp:attachment":[{"href":"https:\/\/www.arclite-shop.de\/es\/wp-json\/wp\/v2\/media?parent=341960"}],"wp:term":[{"taxonomy":"product_brand","embeddable":true,"href":"https:\/\/www.arclite-shop.de\/es\/wp-json\/wp\/v2\/product_brand?post=341960"},{"taxonomy":"product_cat","embeddable":true,"href":"https:\/\/www.arclite-shop.de\/es\/wp-json\/wp\/v2\/product_cat?post=341960"},{"taxonomy":"product_tag","embeddable":true,"href":"https:\/\/www.arclite-shop.de\/es\/wp-json\/wp\/v2\/product_tag?post=341960"}],"curies":[{"name":"wp","href":"https:\/\/api.w.org\/{rel}","templated":true}]}}