{"id":341952,"date":"2024-10-31T10:28:08","date_gmt":"2024-10-31T09:28:08","guid":{"rendered":"https:\/\/www.arclite-shop.de\/produkt\/702-aa1100128\/"},"modified":"2026-04-18T17:33:52","modified_gmt":"2026-04-18T15:33:52","slug":"702-aa1100128","status":"publish","type":"product","link":"https:\/\/www.arclite-shop.de\/es\/produkt\/702-aa1100128\/","title":{"rendered":"Suspensi\u00f3n de cuerda para usarse con clip de p\u00e9ndulo, para usar con clip de p\u00e9ndulo M13 o conector de punto de impacto negro de 1500 mm AA1100128"},"content":{"rendered":"<p>Seilabh\u00e4ngung f\u00fcr EUTRAC zu verwenden mit Pendelclip, schwarz 1500mm<\/p>\n","protected":false},"excerpt":{"rendered":"<p>Seilabh\u00e4ngung f\u00fcr EUTRAC zu verwenden mit Pendelclip, schwarz 1500mm<\/p>\n","protected":false},"featured_media":370303,"template":"","meta":[],"product_brand":[],"product_cat":[84591],"product_tag":[],"class_list":{"0":"post-341952","1":"product","2":"type-product","3":"status-publish","4":"has-post-thumbnail","6":"product_cat-mechanisches-zubehoer-ersatzteile-fuer-leuchten","8":"first","9":"instock","10":"taxable","11":"shipping-taxable","12":"product-type-simple"},"_links":{"self":[{"href":"https:\/\/www.arclite-shop.de\/es\/wp-json\/wp\/v2\/product\/341952","targetHints":{"allow":["GET"]}}],"collection":[{"href":"https:\/\/www.arclite-shop.de\/es\/wp-json\/wp\/v2\/product"}],"about":[{"href":"https:\/\/www.arclite-shop.de\/es\/wp-json\/wp\/v2\/types\/product"}],"wp:featuredmedia":[{"embeddable":true,"href":"https:\/\/www.arclite-shop.de\/es\/wp-json\/wp\/v2\/media\/370303"}],"wp:attachment":[{"href":"https:\/\/www.arclite-shop.de\/es\/wp-json\/wp\/v2\/media?parent=341952"}],"wp:term":[{"taxonomy":"product_brand","embeddable":true,"href":"https:\/\/www.arclite-shop.de\/es\/wp-json\/wp\/v2\/product_brand?post=341952"},{"taxonomy":"product_cat","embeddable":true,"href":"https:\/\/www.arclite-shop.de\/es\/wp-json\/wp\/v2\/product_cat?post=341952"},{"taxonomy":"product_tag","embeddable":true,"href":"https:\/\/www.arclite-shop.de\/es\/wp-json\/wp\/v2\/product_tag?post=341952"}],"curies":[{"name":"wp","href":"https:\/\/api.w.org\/{rel}","templated":true}]}}