{"id":341926,"date":"2024-10-31T10:27:52","date_gmt":"2024-10-31T09:27:52","guid":{"rendered":"https:\/\/www.arclite-shop.de\/produkt\/702-aa1100102\/"},"modified":"2026-04-18T17:36:24","modified_gmt":"2026-04-18T15:36:24","slug":"702-aa1100102","status":"publish","type":"product","link":"https:\/\/www.arclite-shop.de\/es\/produkt\/702-aa1100102\/","title":{"rendered":"El juego de suspensi\u00f3n ECO incluye cable de acero y fijaci\u00f3n en el techo, puede usarse sin clip de p\u00e9ndulo 6200 mm - plata AA1100102 "},"content":{"rendered":"<p>ECO Abh\u00e4ngeset inkl. Stahlseil und Deckenbefestigung, verwendbar ohne Pendelclip 6200 mm &#8211; silber<\/p>\n","protected":false},"excerpt":{"rendered":"<p>ECO Abh\u00e4ngeset inkl. Stahlseil und Deckenbefestigung, verwendbar ohne Pendelclip 6200 mm &#8211; silber<\/p>\n","protected":false},"featured_media":370319,"template":"","meta":[],"product_brand":[],"product_cat":[84591],"product_tag":[],"class_list":{"0":"post-341926","1":"product","2":"type-product","3":"status-publish","4":"has-post-thumbnail","6":"product_cat-mechanisches-zubehoer-ersatzteile-fuer-leuchten","8":"first","9":"instock","10":"taxable","11":"shipping-taxable","12":"product-type-simple"},"_links":{"self":[{"href":"https:\/\/www.arclite-shop.de\/es\/wp-json\/wp\/v2\/product\/341926","targetHints":{"allow":["GET"]}}],"collection":[{"href":"https:\/\/www.arclite-shop.de\/es\/wp-json\/wp\/v2\/product"}],"about":[{"href":"https:\/\/www.arclite-shop.de\/es\/wp-json\/wp\/v2\/types\/product"}],"wp:featuredmedia":[{"embeddable":true,"href":"https:\/\/www.arclite-shop.de\/es\/wp-json\/wp\/v2\/media\/370319"}],"wp:attachment":[{"href":"https:\/\/www.arclite-shop.de\/es\/wp-json\/wp\/v2\/media?parent=341926"}],"wp:term":[{"taxonomy":"product_brand","embeddable":true,"href":"https:\/\/www.arclite-shop.de\/es\/wp-json\/wp\/v2\/product_brand?post=341926"},{"taxonomy":"product_cat","embeddable":true,"href":"https:\/\/www.arclite-shop.de\/es\/wp-json\/wp\/v2\/product_cat?post=341926"},{"taxonomy":"product_tag","embeddable":true,"href":"https:\/\/www.arclite-shop.de\/es\/wp-json\/wp\/v2\/product_tag?post=341926"}],"curies":[{"name":"wp","href":"https:\/\/api.w.org\/{rel}","templated":true}]}}