{"id":341922,"date":"2024-10-31T10:27:49","date_gmt":"2024-10-31T09:27:49","guid":{"rendered":"https:\/\/www.arclite-shop.de\/produkt\/702-aa1100125\/"},"modified":"2026-04-20T15:10:30","modified_gmt":"2026-04-20T13:10:30","slug":"702-aa1100125","status":"publish","type":"product","link":"https:\/\/www.arclite-shop.de\/es\/produkt\/702-aa1100125\/","title":{"rendered":"Suspensi\u00f3n de cuerda para GLOBAL Trac Pro para ra\u00edl de montaje trif\u00e1sico, incluyendo clip de p\u00e9ndulo, cable de acero y fijaci\u00f3n de techo de 3000 mm - AA1100125 blanca "},"content":{"rendered":"<p>GLOBAL Trac Pro Seilabh\u00e4ngung f\u00fcr 3-Phasen Aufbauschiene, inkl. Pendelclip, Stahlseil und Deckenbefestigung 3000 mm &#8211; weiss<\/p>\n","protected":false},"excerpt":{"rendered":"<p>GLOBAL Trac Pro Seilabh\u00e4ngung f\u00fcr 3-Phasen Aufbauschiene, inkl. Pendelclip, Stahlseil und Deckenbefestigung 3000 mm &#8211; weiss<\/p>\n","protected":false},"featured_media":369461,"template":"","meta":[],"product_brand":[],"product_cat":[84591],"product_tag":[],"class_list":{"0":"post-341922","1":"product","2":"type-product","3":"status-publish","4":"has-post-thumbnail","6":"product_cat-mechanisches-zubehoer-ersatzteile-fuer-leuchten","8":"first","9":"instock","10":"taxable","11":"shipping-taxable","12":"product-type-simple"},"_links":{"self":[{"href":"https:\/\/www.arclite-shop.de\/es\/wp-json\/wp\/v2\/product\/341922","targetHints":{"allow":["GET"]}}],"collection":[{"href":"https:\/\/www.arclite-shop.de\/es\/wp-json\/wp\/v2\/product"}],"about":[{"href":"https:\/\/www.arclite-shop.de\/es\/wp-json\/wp\/v2\/types\/product"}],"wp:featuredmedia":[{"embeddable":true,"href":"https:\/\/www.arclite-shop.de\/es\/wp-json\/wp\/v2\/media\/369461"}],"wp:attachment":[{"href":"https:\/\/www.arclite-shop.de\/es\/wp-json\/wp\/v2\/media?parent=341922"}],"wp:term":[{"taxonomy":"product_brand","embeddable":true,"href":"https:\/\/www.arclite-shop.de\/es\/wp-json\/wp\/v2\/product_brand?post=341922"},{"taxonomy":"product_cat","embeddable":true,"href":"https:\/\/www.arclite-shop.de\/es\/wp-json\/wp\/v2\/product_cat?post=341922"},{"taxonomy":"product_tag","embeddable":true,"href":"https:\/\/www.arclite-shop.de\/es\/wp-json\/wp\/v2\/product_tag?post=341922"}],"curies":[{"name":"wp","href":"https:\/\/api.w.org\/{rel}","templated":true}]}}