{"id":341877,"date":"2024-10-31T10:27:23","date_gmt":"2024-10-31T09:27:23","guid":{"rendered":"https:\/\/www.arclite-shop.de\/produkt\/685-aa1100218\/"},"modified":"2026-04-18T17:41:33","modified_gmt":"2026-04-18T15:41:33","slug":"685-aa1100218","status":"publish","type":"product","link":"https:\/\/www.arclite-shop.de\/es\/produkt\/685-aa1100218\/","title":{"rendered":"Conector en L para stripCENTURY 30, PCB 10mm. AA1100218 "},"content":{"rendered":"<p>L-Vbinde f\u00fcr COB-Streifen, geeignet f\u00fcr 10mm Streifenbreite, l\u00f6ten nicht erforderlich<\/p>\n","protected":false},"excerpt":{"rendered":"<p>L-Vbinde f\u00fcr COB-Streifen, geeignet f\u00fcr 10mm Streifenbreite, l\u00f6ten nicht erforderlich<\/p>\n","protected":false},"featured_media":369531,"template":"","meta":[],"product_brand":[],"product_cat":[84899],"product_tag":[],"class_list":{"0":"post-341877","1":"product","2":"type-product","3":"status-publish","4":"has-post-thumbnail","6":"product_cat-zubehoer-ersatzteile-fuer-led-betriebsgeraete-und-module","8":"first","9":"instock","10":"taxable","11":"shipping-taxable","12":"product-type-simple"},"_links":{"self":[{"href":"https:\/\/www.arclite-shop.de\/es\/wp-json\/wp\/v2\/product\/341877","targetHints":{"allow":["GET"]}}],"collection":[{"href":"https:\/\/www.arclite-shop.de\/es\/wp-json\/wp\/v2\/product"}],"about":[{"href":"https:\/\/www.arclite-shop.de\/es\/wp-json\/wp\/v2\/types\/product"}],"wp:featuredmedia":[{"embeddable":true,"href":"https:\/\/www.arclite-shop.de\/es\/wp-json\/wp\/v2\/media\/369531"}],"wp:attachment":[{"href":"https:\/\/www.arclite-shop.de\/es\/wp-json\/wp\/v2\/media?parent=341877"}],"wp:term":[{"taxonomy":"product_brand","embeddable":true,"href":"https:\/\/www.arclite-shop.de\/es\/wp-json\/wp\/v2\/product_brand?post=341877"},{"taxonomy":"product_cat","embeddable":true,"href":"https:\/\/www.arclite-shop.de\/es\/wp-json\/wp\/v2\/product_cat?post=341877"},{"taxonomy":"product_tag","embeddable":true,"href":"https:\/\/www.arclite-shop.de\/es\/wp-json\/wp\/v2\/product_tag?post=341877"}],"curies":[{"name":"wp","href":"https:\/\/api.w.org\/{rel}","templated":true}]}}