{"id":341847,"date":"2024-10-31T10:27:07","date_gmt":"2024-10-31T09:27:07","guid":{"rendered":"https:\/\/www.arclite-shop.de\/produkt\/597-gb21-2\/"},"modified":"2026-04-18T17:43:11","modified_gmt":"2026-04-18T15:43:11","slug":"597-gb21-2","status":"publish","type":"product","link":"https:\/\/www.arclite-shop.de\/es\/produkt\/597-gb21-2\/","title":{"rendered":"Conector GLOBAL Trac Base para ra\u00edl monof\u00e1sico montado en superficie, conector el\u00e9ctrico longitudinal - negro GB21-2"},"content":{"rendered":"<p>GLOBAL Trac Base Verbinder f\u00fcr 1-Phasen Aufbauschiene, elektrischer L\u00e4ngsverbinder &#8211; schwarz<\/p>\n","protected":false},"excerpt":{"rendered":"<p>GLOBAL Trac Base Verbinder f\u00fcr 1-Phasen Aufbauschiene, elektrischer L\u00e4ngsverbinder &#8211; schwarz<\/p>\n","protected":false},"featured_media":369571,"template":"","meta":[],"product_brand":[],"product_cat":[84574],"product_tag":[],"class_list":{"0":"post-341847","1":"product","2":"type-product","3":"status-publish","4":"has-post-thumbnail","6":"product_cat-elektrisches-zubehoer-ersatzteile-fuer-leuchten","8":"first","9":"instock","10":"taxable","11":"shipping-taxable","12":"product-type-simple"},"_links":{"self":[{"href":"https:\/\/www.arclite-shop.de\/es\/wp-json\/wp\/v2\/product\/341847","targetHints":{"allow":["GET"]}}],"collection":[{"href":"https:\/\/www.arclite-shop.de\/es\/wp-json\/wp\/v2\/product"}],"about":[{"href":"https:\/\/www.arclite-shop.de\/es\/wp-json\/wp\/v2\/types\/product"}],"wp:featuredmedia":[{"embeddable":true,"href":"https:\/\/www.arclite-shop.de\/es\/wp-json\/wp\/v2\/media\/369571"}],"wp:attachment":[{"href":"https:\/\/www.arclite-shop.de\/es\/wp-json\/wp\/v2\/media?parent=341847"}],"wp:term":[{"taxonomy":"product_brand","embeddable":true,"href":"https:\/\/www.arclite-shop.de\/es\/wp-json\/wp\/v2\/product_brand?post=341847"},{"taxonomy":"product_cat","embeddable":true,"href":"https:\/\/www.arclite-shop.de\/es\/wp-json\/wp\/v2\/product_cat?post=341847"},{"taxonomy":"product_tag","embeddable":true,"href":"https:\/\/www.arclite-shop.de\/es\/wp-json\/wp\/v2\/product_tag?post=341847"}],"curies":[{"name":"wp","href":"https:\/\/api.w.org\/{rel}","templated":true}]}}