{"id":341826,"date":"2024-10-31T10:26:57","date_gmt":"2024-10-31T09:26:57","guid":{"rendered":"https:\/\/www.arclite-shop.de\/produkt\/597-gb37-1\/"},"modified":"2026-04-18T17:44:56","modified_gmt":"2026-04-18T15:44:56","slug":"597-gb37-1","status":"publish","type":"product","link":"https:\/\/www.arclite-shop.de\/es\/produkt\/597-gb37-1\/","title":{"rendered":"Conector en T de base GLOBAL Trac para ra\u00edl monof\u00e1sico montado en superficie, conductor protector interior, izquierda, con opci\u00f3n de alimentaci\u00f3n - GB37-1 gris"},"content":{"rendered":"<p>GLOBAL Trac Base T-Verbinder f\u00fcr 1-Phasen Aufbauschiene, Schutzleiter innen, links, mit Einspeisem\u00f6glichkeit &#8211; grau<\/p>\n","protected":false},"excerpt":{"rendered":"<p>GLOBAL Trac Base T-Verbinder f\u00fcr 1-Phasen Aufbauschiene, Schutzleiter innen, links, mit Einspeisem\u00f6glichkeit &#8211; grau<\/p>\n","protected":false},"featured_media":369599,"template":"","meta":[],"product_brand":[],"product_cat":[84574],"product_tag":[],"class_list":{"0":"post-341826","1":"product","2":"type-product","3":"status-publish","4":"has-post-thumbnail","6":"product_cat-elektrisches-zubehoer-ersatzteile-fuer-leuchten","8":"first","9":"instock","10":"taxable","11":"shipping-taxable","12":"product-type-simple"},"_links":{"self":[{"href":"https:\/\/www.arclite-shop.de\/es\/wp-json\/wp\/v2\/product\/341826","targetHints":{"allow":["GET"]}}],"collection":[{"href":"https:\/\/www.arclite-shop.de\/es\/wp-json\/wp\/v2\/product"}],"about":[{"href":"https:\/\/www.arclite-shop.de\/es\/wp-json\/wp\/v2\/types\/product"}],"wp:featuredmedia":[{"embeddable":true,"href":"https:\/\/www.arclite-shop.de\/es\/wp-json\/wp\/v2\/media\/369599"}],"wp:attachment":[{"href":"https:\/\/www.arclite-shop.de\/es\/wp-json\/wp\/v2\/media?parent=341826"}],"wp:term":[{"taxonomy":"product_brand","embeddable":true,"href":"https:\/\/www.arclite-shop.de\/es\/wp-json\/wp\/v2\/product_brand?post=341826"},{"taxonomy":"product_cat","embeddable":true,"href":"https:\/\/www.arclite-shop.de\/es\/wp-json\/wp\/v2\/product_cat?post=341826"},{"taxonomy":"product_tag","embeddable":true,"href":"https:\/\/www.arclite-shop.de\/es\/wp-json\/wp\/v2\/product_tag?post=341826"}],"curies":[{"name":"wp","href":"https:\/\/api.w.org\/{rel}","templated":true}]}}