{"id":341822,"date":"2024-10-31T10:26:54","date_gmt":"2024-10-31T09:26:54","guid":{"rendered":"https:\/\/www.arclite-shop.de\/produkt\/597-gb34-3\/"},"modified":"2026-04-18T17:45:16","modified_gmt":"2026-04-18T15:45:16","slug":"597-gb34-3","status":"publish","type":"product","link":"https:\/\/www.arclite-shop.de\/es\/produkt\/597-gb34-3\/","title":{"rendered":"Conector en L de base GLOBAL Trac para ra\u00edl monof\u00e1sico montado en superficie, conductor protector interior, con opci\u00f3n de entrada - GB34-3 blanca"},"content":{"rendered":"<p>GLOBAL Trac Base L-Verbinder f\u00fcr 1-Phasen Aufbauschiene, Schutzleiter innen, mit Einspeisem\u00f6glichkeit &#8211; weiss<\/p>\n","protected":false},"excerpt":{"rendered":"<p>GLOBAL Trac Base L-Verbinder f\u00fcr 1-Phasen Aufbauschiene, Schutzleiter innen, mit Einspeisem\u00f6glichkeit &#8211; weiss<\/p>\n","protected":false},"featured_media":369611,"template":"","meta":[],"product_brand":[],"product_cat":[84574],"product_tag":[],"class_list":{"0":"post-341822","1":"product","2":"type-product","3":"status-publish","4":"has-post-thumbnail","6":"product_cat-elektrisches-zubehoer-ersatzteile-fuer-leuchten","8":"first","9":"instock","10":"taxable","11":"shipping-taxable","12":"product-type-simple"},"_links":{"self":[{"href":"https:\/\/www.arclite-shop.de\/es\/wp-json\/wp\/v2\/product\/341822","targetHints":{"allow":["GET"]}}],"collection":[{"href":"https:\/\/www.arclite-shop.de\/es\/wp-json\/wp\/v2\/product"}],"about":[{"href":"https:\/\/www.arclite-shop.de\/es\/wp-json\/wp\/v2\/types\/product"}],"wp:featuredmedia":[{"embeddable":true,"href":"https:\/\/www.arclite-shop.de\/es\/wp-json\/wp\/v2\/media\/369611"}],"wp:attachment":[{"href":"https:\/\/www.arclite-shop.de\/es\/wp-json\/wp\/v2\/media?parent=341822"}],"wp:term":[{"taxonomy":"product_brand","embeddable":true,"href":"https:\/\/www.arclite-shop.de\/es\/wp-json\/wp\/v2\/product_brand?post=341822"},{"taxonomy":"product_cat","embeddable":true,"href":"https:\/\/www.arclite-shop.de\/es\/wp-json\/wp\/v2\/product_cat?post=341822"},{"taxonomy":"product_tag","embeddable":true,"href":"https:\/\/www.arclite-shop.de\/es\/wp-json\/wp\/v2\/product_tag?post=341822"}],"curies":[{"name":"wp","href":"https:\/\/api.w.org\/{rel}","templated":true}]}}